{"id":9315,"date":"2022-09-27T14:38:48","date_gmt":"2022-09-27T13:38:48","guid":{"rendered":"https:\/\/rentalsdubrovnik.com\/?page_id=9315"},"modified":"2024-03-08T13:02:48","modified_gmt":"2024-03-08T12:02:48","slug":"about-us","status":"publish","type":"page","link":"https:\/\/croatialocaltours.com\/hr\/about-us\/","title":{"rendered":"O nama"},"content":{"rendered":"<div data-elementor-type=\"wp-page\" data-elementor-id=\"9315\" class=\"elementor elementor-9315\">\n\t\t\t\t\t\t<section class=\"elementor-section elementor-top-section elementor-element elementor-element-349adcf8 elementor-section-full_width elementor-section-content-middle elementor-section-height-default elementor-section-height-default\" data-id=\"349adcf8\" data-element_type=\"section\" data-e-type=\"section\" id=\"info_section\" data-settings=\"{&quot;background_background&quot;:&quot;classic&quot;}\">\n\t\t\t\t\t\t<div class=\"elementor-container elementor-column-gap-no\">\n\t\t\t\t\t<div class=\"elementor-column elementor-col-100 elementor-top-column elementor-element elementor-element-af52be6\" data-id=\"af52be6\" data-element_type=\"column\" data-e-type=\"column\">\n\t\t\t<div class=\"elementor-widget-wrap elementor-element-populated\">\n\t\t\t\t\t\t<section class=\"elementor-section elementor-inner-section elementor-element elementor-element-6a143433 elementor-section-content-middle elementor-reverse-tablet elementor-reverse-mobile elementor-section-boxed elementor-section-height-default elementor-section-height-default\" data-id=\"6a143433\" data-element_type=\"section\" data-e-type=\"section\" data-settings=\"{&quot;background_background&quot;:&quot;classic&quot;}\">\n\t\t\t\t\t\t<div class=\"elementor-container elementor-column-gap-no\">\n\t\t\t\t\t<div class=\"elementor-column elementor-col-50 elementor-inner-column elementor-element elementor-element-69063522 elementor-invisible\" data-id=\"69063522\" data-element_type=\"column\" data-e-type=\"column\" data-settings=\"{&quot;animation&quot;:&quot;fadeInLeft&quot;}\">\n\t\t\t<div class=\"elementor-widget-wrap elementor-element-populated\">\n\t\t\t\t\t\t<div class=\"elementor-element elementor-element-65a2f89f elementor-widget elementor-widget-heading\" data-id=\"65a2f89f\" data-element_type=\"widget\" data-e-type=\"widget\" data-widget_type=\"heading.default\">\n\t\t\t\t<div class=\"elementor-widget-container\">\n\t\t\t\t\t<h2 class=\"elementor-heading-title elementor-size-default\">O nama\n<\/h2>\t\t\t\t<\/div>\n\t\t\t\t<\/div>\n\t\t\t\t<div class=\"elementor-element elementor-element-34a7dddc elementor-widget elementor-widget-text-editor\" data-id=\"34a7dddc\" data-element_type=\"widget\" data-e-type=\"widget\" data-widget_type=\"text-editor.default\">\n\t\t\t\t<div class=\"elementor-widget-container\">\n\t\t\t\t\t\t\t\t\t<p>Croatia Local Tours is an accommodation booking and full-property agency, licensed and registered in Dubrovnik in September 2015. Since then, we have assisted thousands of satisfied guests in discovering an amazing and unique Croatia. Our main focus is to use local knowledge, travel expertise, and professionalism to offer our guests an authentic and memorable experience. High-quality expectations, many years of work in the tourism industry, and constant improvements enable us to establish strong business relationships with our partners and guests.<\/p><p>We offer tailored travel services to a wide range of travelers (private, groups, individuals, and businesses) throughout Croatia. Our goal is to become your reliable host who understands your needs and desires and strives to fulfill them, making your journey unforgettable with the best support and saving you money and time to focus on things that matter most to you.<\/p><p>Your travel experience starts with your very first inquiry. Tell us where you want to stay, and the kind of adventure you would like to include, and we will show you a wide range of options to incorporate all of them to satisfy you. With heads full of stories and experiences, we make sure you take home a lifetime of memories.<\/p>\t\t\t\t\t\t\t\t<\/div>\n\t\t\t\t<\/div>\n\t\t\t\t<div class=\"elementor-element elementor-element-79e64b2b elementor-widget elementor-widget-text-editor\" data-id=\"79e64b2b\" data-element_type=\"widget\" data-e-type=\"widget\" data-widget_type=\"text-editor.default\">\n\t\t\t\t<div class=\"elementor-widget-container\">\n\t\t\t\t\t\t\t\t\t<p><strong>SRETNI NAM JE BITI VA\u0160 VODI\u010c I DOMA\u0106IN U HRVATSKOJ!<\/strong><\/p><p>Na\u0161e usluge:<\/p><p>- Smje\u0161taj<\/p><p>\u2013 Prijenosi<\/p><p>\u2013 Izleti i do\u017eivljaji<\/p><p>- Iznajmiti automobil<\/p><p>\u2013 MI\u0160EVI<\/p><p>\u2013 Poslovna putovanja<\/p><p>\u2013 vratar<\/p><p>\u2013 Organizacija doga\u0111aja<\/p>\t\t\t\t\t\t\t\t<\/div>\n\t\t\t\t<\/div>\n\t\t\t\t<div class=\"elementor-element elementor-element-82efbbc elementor-widget elementor-widget-button\" data-id=\"82efbbc\" data-element_type=\"widget\" data-e-type=\"widget\" data-widget_type=\"button.default\">\n\t\t\t\t<div class=\"elementor-widget-container\">\n\t\t\t\t\t\t\t\t\t<div class=\"elementor-button-wrapper\">\n\t\t\t\t\t<a class=\"elementor-button elementor-button-link elementor-size-md\" href=\"https:\/\/croatialocaltours.com\/hr\/contact\/\">\n\t\t\t\t\t\t<span class=\"elementor-button-content-wrapper\">\n\t\t\t\t\t\t\t\t\t<span class=\"elementor-button-text\">Kontakt<\/span>\n\t\t\t\t\t<\/span>\n\t\t\t\t\t<\/a>\n\t\t\t\t<\/div>\n\t\t\t\t\t\t\t\t<\/div>\n\t\t\t\t<\/div>\n\t\t\t\t\t<\/div>\n\t\t<\/div>\n\t\t\t\t<div class=\"elementor-column elementor-col-50 elementor-inner-column elementor-element elementor-element-16fdc572\" data-id=\"16fdc572\" data-element_type=\"column\" data-e-type=\"column\">\n\t\t\t<div class=\"elementor-widget-wrap elementor-element-populated\">\n\t\t\t\t\t\t<div class=\"elementor-element elementor-element-62c8ef elementor-widget__width-auto elementor-absolute elementor-widget elementor-widget-image\" data-id=\"62c8ef\" data-element_type=\"widget\" data-e-type=\"widget\" data-settings=\"{&quot;_position&quot;:&quot;absolute&quot;}\" data-widget_type=\"image.default\">\n\t\t\t\t<div class=\"elementor-widget-container\">\n\t\t\t\t\t\t\t\t\t\t\t\t\t\t\t<img fetchpriority=\"high\" decoding=\"async\" width=\"182\" height=\"302\" src=\"https:\/\/croatialocaltours.com\/wp-content\/uploads\/2023\/06\/85284e53-object-8.svg\" class=\"attachment-full size-full wp-image-12202\" alt=\"85284e53 object 8.svg\" \/>\t\t\t\t\t\t\t\t\t\t\t\t\t\t\t<\/div>\n\t\t\t\t<\/div>\n\t\t\t\t<div class=\"elementor-element elementor-element-3791cf9c elementor-invisible elementor-widget elementor-widget-image\" data-id=\"3791cf9c\" data-element_type=\"widget\" data-e-type=\"widget\" data-settings=\"{&quot;_animation&quot;:&quot;fadeInRight&quot;}\" data-widget_type=\"image.default\">\n\t\t\t\t<div class=\"elementor-widget-container\">\n\t\t\t\t\t\t\t\t\t\t\t\t\t\t\t<img decoding=\"async\" width=\"375\" height=\"540\" src=\"https:\/\/croatialocaltours.com\/wp-content\/uploads\/2023\/06\/dubrovnik-old-town-stradun-aerial-hero-375x540-1.webp\" class=\"attachment-full size-full wp-image-12060\" alt=\"Dubrovnik old town stradun aerial hero 375x540\" srcset=\"https:\/\/croatialocaltours.com\/wp-content\/uploads\/2023\/06\/dubrovnik-old-town-stradun-aerial-hero-375x540-1.webp 375w, https:\/\/croatialocaltours.com\/wp-content\/uploads\/2023\/06\/dubrovnik-old-town-stradun-aerial-hero-375x540-1-208x300.webp 208w\" sizes=\"(max-width: 375px) 100vw, 375px\" \/>\t\t\t\t\t\t\t\t\t\t\t\t\t\t\t<\/div>\n\t\t\t\t<\/div>\n\t\t\t\t\t<\/div>\n\t\t<\/div>\n\t\t\t\t\t<\/div>\n\t\t<\/section>\n\t\t\t\t<div class=\"elementor-element elementor-element-2ff5d1b5 elementor-widget__width-initial elementor-widget-tablet__width-initial elementor-absolute elementor-widget elementor-widget-spacer\" data-id=\"2ff5d1b5\" data-element_type=\"widget\" data-e-type=\"widget\" data-settings=\"{&quot;_position&quot;:&quot;absolute&quot;}\" data-widget_type=\"spacer.default\">\n\t\t\t\t<div class=\"elementor-widget-container\">\n\t\t\t\t\t\t\t<div class=\"elementor-spacer\">\n\t\t\t<div class=\"elementor-spacer-inner\"><\/div>\n\t\t<\/div>\n\t\t\t\t\t\t<\/div>\n\t\t\t\t<\/div>\n\t\t\t\t\t<\/div>\n\t\t<\/div>\n\t\t\t\t\t<\/div>\n\t\t<\/section>\n\t\t\t\t<\/div>","protected":false},"excerpt":{"rendered":"<p>About us Croatia Local Tours is an accommodation booking and full-property agency, licensed and registered in Dubrovnik in September 2015. Since then, we have assisted [&hellip;]<\/p>\n","protected":false},"author":2,"featured_media":0,"parent":0,"menu_order":0,"comment_status":"closed","ping_status":"closed","template":"templates\/builder-fullwidth-std.php","meta":{"slim_seo":{"title":"About us - Croatia Local Tours","description":"About us Croatia Local Tours is an accommodation booking and full-property agency, licensed and registered in Dubrovnik in September 2015. Since then, we have a"},"footnotes":""},"class_list":["post-9315","page","type-page","status-publish","hentry"],"_links":{"self":[{"href":"https:\/\/croatialocaltours.com\/hr\/wp-json\/wp\/v2\/pages\/9315","targetHints":{"allow":["GET"]}}],"collection":[{"href":"https:\/\/croatialocaltours.com\/hr\/wp-json\/wp\/v2\/pages"}],"about":[{"href":"https:\/\/croatialocaltours.com\/hr\/wp-json\/wp\/v2\/types\/page"}],"author":[{"embeddable":true,"href":"https:\/\/croatialocaltours.com\/hr\/wp-json\/wp\/v2\/users\/2"}],"replies":[{"embeddable":true,"href":"https:\/\/croatialocaltours.com\/hr\/wp-json\/wp\/v2\/comments?post=9315"}],"version-history":[{"count":50,"href":"https:\/\/croatialocaltours.com\/hr\/wp-json\/wp\/v2\/pages\/9315\/revisions"}],"predecessor-version":[{"id":13840,"href":"https:\/\/croatialocaltours.com\/hr\/wp-json\/wp\/v2\/pages\/9315\/revisions\/13840"}],"wp:attachment":[{"href":"https:\/\/croatialocaltours.com\/hr\/wp-json\/wp\/v2\/media?parent=9315"}],"curies":[{"name":"wp","href":"https:\/\/api.w.org\/{rel}","templated":true}]}}