{"id":8868,"date":"2022-09-16T17:14:38","date_gmt":"2022-09-16T15:14:38","guid":{"rendered":"https:\/\/rentalsdubrovnik.com\/?page_id=8868"},"modified":"2023-06-14T12:03:59","modified_gmt":"2023-06-14T11:03:59","slug":"privacy-policy","status":"publish","type":"page","link":"https:\/\/croatialocaltours.com\/hr\/privacy-policy\/","title":{"rendered":"Uvijeti privatnosti"},"content":{"rendered":"<div><span style=\"color: #000000;\"><b>Tko smo mi<\/b><br \/>\n<\/span><\/div>\n<p><span style=\"color: #000000;\">Tvrtka za upravljanje iznajmljivanjem za odmor i turisti\u010dka agencija.<\/span><\/p>\n<p><b><span style=\"color: #000000;\">Koje osobne podatke prikupljamo i za\u0161to ih prikupljamo<\/span><\/b><\/p>\n<p><span style=\"color: #000000;\">Osobni podaci koje obra\u0111ujemo su Va\u0161e ime, prezime i e-mail adresa zbog potrebe da Vas kontaktiramo te Vam \u0161aljemo informativne poruke. Postoji i slu\u010daj kada \u0107emo Vas zbog potrebe poslovne suradnje zamoliti za vi\u0161e informacija poput telefona i adrese. Zbog potrebe rezerviranja imovine ili aktivnosti, jo\u0161 uvijek mo\u017eemo tra\u017eiti financijske podatke, kao \u0161to su brojevi kreditnih kartica, koje \u010duvamo u skladu sa sigurnosnim pravilima PCI DSS.<\/span><\/p>\n<p><b><span style=\"color: #000000;\">Kola\u010di\u0107i<\/span><\/b><\/p>\n<p class=\"yiv9355210450elementToProof\"><span style=\"color: #000000;\">Croatia Local Tours koristi:<\/span><\/p>\n<ul>\n<li><span style=\"color: #000000;\">Privremeni kola\u010di\u0107i \u2013 kola\u010di\u0107i koji se uklanjaju s va\u0161eg ra\u010dunala nakon zatvaranja internetskog preglednika. Koristi se u svrhe autorizacije i privremene memorije korisni\u010dkih postavki prilikom pregledavanja stranica.<\/span><\/li>\n<li><span style=\"color: #000000;\">Trajni kola\u010di\u0107i \u2013 ostaju na va\u0161em ra\u010dunalu \u010dak i nakon \u0161to zatvorite program \u2013 internetski preglednici za uklanjanje iz programa ili samog korisnika. Trajni \u201ekola\u010di\u0107i\u201c koriste se za bolje razumijevanje navika korisnika i pobolj\u0161anje web stranica prema navikama pojedinog korisnika. Ove informacije su anonimne \u2013 ne pohranjuju se osobni podaci korisnika, samo tra\u017eilice ili ure\u0111aji (kao \u0161to su IP adrese). Ovi podaci tako\u0111er nisu povezani s drugim osobnim podacima koje je korisnik mo\u017eda prethodno dao.<\/span><\/li>\n<\/ul>\n<p><b><span style=\"color: #000000;\">Analitika<\/span><\/b><\/p>\n<p><span style=\"color: #000000;\">Postoji nekoliko usluga koje korisniku spremaju odre\u0111enu koli\u010dinu &quot;kola\u010di\u0107a&quot;. Ove &quot;kola\u010di\u0107e&quot; ne postavlja ovo web mjesto, ali neki slu\u017ee normalnom funkcioniranju odre\u0111enih zna\u010dajki koje korisnicima olak\u0161avaju pristup sadr\u017eaju.<\/span><\/p>\n<p><b><span style=\"color: #000000;\">S kim dijelimo va\u0161e podatke<\/span><\/b><\/p>\n<p><span style=\"color: #000000;\">Va\u0161i osobni podaci mogu se obra\u0111ivati u razli\u010dite svrhe, ako je to potrebno za ispunjavanje zakonskih obveza (npr. za dostavu podataka sudovima ili tijelima kaznenog progona) ako ste pristali na odgovaraju\u0107u obradu ili ako je obrada na drugi na\u010din pravno obvezuju\u0107a prema obvezuju\u0107im propisima. Ako se podaci obra\u0111uju u neku drugu svrhu, prije obrade \u0107emo Vam pru\u017eiti informacije o toj drugoj svrsi i sve druge relevantne podatke.<\/span><\/p>\n<p><b><span style=\"color: #000000;\">Koliko dugo zadr\u017eavamo va\u0161e podatke<\/span><\/b><\/p>\n<p><span style=\"color: #000000;\">Prikupljene podatke obra\u0111ivati \u0107emo u gore navedene svrhe samo onoliko koliko je potrebno za gore navedene svrhe dok ne povu\u010dete svoju povlasticu. Ako je pokrenut sudski, upravni ili izvanparni\u010dni postupak, osobni podaci mogu se \u010duvati do okon\u010danja tog postupka, uklju\u010duju\u0107i i rok za podno\u0161enje pravnih lijekova.<\/span><\/p>\n<p><b><span style=\"color: #000000;\">Koja prava imate nad svojim podacima<\/span><\/b><\/p>\n<h2><span style=\"color: #000000; font-size: small;\">Va\u0161a prava<\/span><\/h2>\n<p><span style=\"color: #000000;\">Ako ste dali privolu za bilo koju aktivnost obrade osobnih podataka, istu mo\u017eete povu\u0107i u bilo kojem trenutku. Takvo povla\u010denje ne\u0107e utjecati na legitimnost obrade na temelju povla\u010denja prije povla\u010denja. Va\u0161a prava su sljede\u0107a:<\/span><\/p>\n<ul>\n<li><span style=\"color: #000000;\">Pravo na pristup: Imate pravo od nas dobiti potvrdu da li se va\u0161i osobni podaci obra\u0111uju i ako se takvi osobni podaci obra\u0111uju, pristup osobnim podacima. Informacije o pristupu uklju\u010duju, izme\u0111u ostalog, svrhe obrade, kategoriju osobnih podataka i primatelje ili kategorije primatelja kojima su osobni podaci bili ili \u0107e biti otkriveni. Me\u0111utim, ovo nije bezuvjetno pravo, a interesi drugih pojedinaca mogu ograni\u010diti va\u0161e pravo na pristup.<\/span><\/li>\n<li><span style=\"color: #000000;\">Imate pravo dobiti kopiju osobnih podataka koji se obra\u0111uju. Za daljnje kopije koje ste zatra\u017eili mo\u017eemo naplatiti razumnu naknadu na temelju administrativnih tro\u0161kova.<\/span><\/li>\n<li><span style=\"color: #000000;\">Pravo na ispravak: imate pravo tra\u017eiti da ispravimo va\u0161e neto\u010dne osobne podatke. Uzimaju\u0107i u obzir svrhe obrade, imate pravo dopuniti nepotpune osobne podatke, uklju\u010duju\u0107i davanjem dodatnih izjava.<\/span><\/li>\n<li><span style=\"color: #000000;\">Pravo na brisanje (&quot;Pravo na zaborav&quot;): Pod odre\u0111enim uvjetima, imate pravo od nas tra\u017eiti brisanje va\u0161ih osobnih podataka i u tom slu\u010daju, bit \u0107e nam dopu\u0161teno brisanje takvih osobnih podataka.<\/span><\/li>\n<li><span style=\"color: #000000;\">Pravo na ograni\u010denje obrade: Pod odre\u0111enim uvjetima, imate pravo tra\u017eiti od nas da ograni\u010dimo obradu va\u0161ih osobnih podataka. U tom \u0107e slu\u010daju relevantni podaci biti ozna\u010deni i mogu se obra\u0111ivati samo u posebne svrhe.<\/span><\/li>\n<li><span style=\"color: #000000;\">Pravo na prigovor: Pod odre\u0111enim uvjetima, imate pravo u bilo kojem trenutku ulo\u017eiti prigovor na obradu va\u0161ih osobnih podataka iz razloga koji se odnose na va\u0161u specifi\u010dnu situaciju ili kada se osobni podaci obra\u0111uju za izravni marketing i mo\u017eete od nas tra\u017eiti da ne obra\u0111ujemo va\u0161e osobne podatke.<\/span><\/li>\n<li><span style=\"color: #000000;\">Pravo na prijenos podataka: Pod odre\u0111enim uvjetima, imate pravo primiti osobne podatke na koje se pozivate, a koje nam dajete u strukturiranom, prilagodljivom i pravno \u010ditljivom formatu, te imate pravo prenijeti te podatke na drugu upravitelj podataka bez na\u0161eg uplitanja.<\/span><\/li>\n<\/ul>\n<p><b><span style=\"color: #000000;\">Kontakt podaci<\/span><\/b><\/p>\n<p class=\"yiv9355210450elementToProof\"><span style=\"color: #000000;\">Ukoliko \u017eelite saznati vi\u0161e, ili mo\u017eda \u017eelite iskoristiti jedno ili vi\u0161e svojih gore navedenih prava, slobodno nas kontaktirajte \u2013 e-mailom na <strong>info@croatialocaltours.com<\/strong><\/span><\/p>\n<p><span style=\"color: #000000;\">Ukoliko smatrate da su Va\u0161a prava povrije\u0111ena, tako\u0111er imate pravo podnijeti pritu\u017ebu nadle\u017enom nadzornom tijelu u vezi s obradom Va\u0161ih osobnih podataka.<\/span><\/p>\n<p><b><span style=\"color: #000000;\">Od kojih tre\u0107ih strana primamo podatke<\/span><\/b><\/p>\n<p><span style=\"color: #000000;\">Postoji nekoliko usluga koje korisniku spremaju odre\u0111enu koli\u010dinu &quot;kola\u010di\u0107a&quot;. Ove &quot;kola\u010di\u0107e&quot; ne postavlja ovo web mjesto, ali neki slu\u017ee normalnom funkcioniranju odre\u0111enih zna\u010dajki koje korisnicima olak\u0161avaju pristup sadr\u017eaju.<\/span><\/p>","protected":false},"excerpt":{"rendered":"<p>Who we are Vacation Rental Management Company and Tourist Agency. What personal data do we collect and why do we collect it The personal information [&hellip;]<\/p>\n","protected":false},"author":2,"featured_media":0,"parent":0,"menu_order":0,"comment_status":"closed","ping_status":"closed","template":"","meta":{"slim_seo":{"title":"Privacy Policy - Croatia Local Tours","description":"Who we are Vacation Rental Management Company and Tourist Agency. What personal data do we collect and why do we collect it The personal information we are proc"},"footnotes":""},"class_list":["post-8868","page","type-page","status-publish","hentry"],"_links":{"self":[{"href":"https:\/\/croatialocaltours.com\/hr\/wp-json\/wp\/v2\/pages\/8868","targetHints":{"allow":["GET"]}}],"collection":[{"href":"https:\/\/croatialocaltours.com\/hr\/wp-json\/wp\/v2\/pages"}],"about":[{"href":"https:\/\/croatialocaltours.com\/hr\/wp-json\/wp\/v2\/types\/page"}],"author":[{"embeddable":true,"href":"https:\/\/croatialocaltours.com\/hr\/wp-json\/wp\/v2\/users\/2"}],"replies":[{"embeddable":true,"href":"https:\/\/croatialocaltours.com\/hr\/wp-json\/wp\/v2\/comments?post=8868"}],"version-history":[{"count":3,"href":"https:\/\/croatialocaltours.com\/hr\/wp-json\/wp\/v2\/pages\/8868\/revisions"}],"predecessor-version":[{"id":13179,"href":"https:\/\/croatialocaltours.com\/hr\/wp-json\/wp\/v2\/pages\/8868\/revisions\/13179"}],"wp:attachment":[{"href":"https:\/\/croatialocaltours.com\/hr\/wp-json\/wp\/v2\/media?parent=8868"}],"curies":[{"name":"wp","href":"https:\/\/api.w.org\/{rel}","templated":true}]}}