{"id":5894,"date":"2022-05-23T00:29:26","date_gmt":"2022-05-22T22:29:26","guid":{"rendered":"https:\/\/rentalsdubrovnik.com\/?page_id=5894"},"modified":"2023-06-14T12:01:37","modified_gmt":"2023-06-14T11:01:37","slug":"frequently-asked-questions-faq","status":"publish","type":"page","link":"https:\/\/croatialocaltours.com\/hr\/frequently-asked-questions-faq\/","title":{"rendered":"\u010cESTO POSTAVLJANA PITANJA (FAQ)"},"content":{"rendered":"<div class=\"hr\"><strong>POSTOJI GRE\u0160KA S POTVRDNIM VAU\u010cEROM KOJI DOBIJEM E-MAILOM. \u0160TO DA NAPRAVIM?<\/strong><\/div>\n<div class=\"post-content mt20 clearfix\">\n<section class=\"kc-elm kc-css-428035 kc_row\">\n<div class=\"kc-row-container kc-container\">\n<div class=\"kc-wrap-columns\">\n<div class=\"kc-elm kc-css-829195 kc_col-sm-12 kc_column kc_col-sm-12\">\n<div class=\"kc-col-container\">\n<div class=\"kc-elm kc-css-151462 kc_text_block\">\n<p>Ako primijetite bilo kakvu pogre\u0161ku na svom voucheru za potvrdu, odmah nas kontaktirajte putem e-po\u0161te: info@croatialocaltours.com<\/p>\n<p><strong>KAKO MOGU PROMIJENITI DATUME SVOG BORAVKA?<\/strong><\/p>\n<p>Ukoliko \u017eelite promijeniti datume Va\u0161eg boravka potrebno je da nas kontaktirate pisanim putem na e-mail: info@croatialocaltours.com. Molimo, pripremite potvrdni vau\u010der koji dobijete e-po\u0161tom tijekom procesa rezervacije, morat \u0107ete nam dati podatke s vau\u010dera.<\/p>\n<p><strong>JESU LI MOJI OSOBNI PODACI ZA\u0160TI\u0106ENI?<\/strong><\/p>\n<p>Preuzimamo punu odgovornost za osiguravanje odgovaraju\u0107ih sigurnosnih mjera za za\u0161titu va\u0161ih podataka. Kada napravite rezervaciju ili kupite uslugu na na\u0161em web-mjestu, pristajete na kori\u0161tenje i otkrivanje tih informacija kako bismo mogli obraditi va\u0161u rezervaciju, \u0161to \u0107e uklju\u010divati informacije koje se proslje\u0111uju na\u0161im dobavlja\u010dima tre\u0107im stranama (kao \u0161to su iznajmljiva\u010di, hotelijeri, izleti , i pru\u017eatelji usluga prijenosa itd.).<\/p>\n<p><strong>KOJE NA\u010cINE PLA\u0106ANJA PRIHVATATE?<\/strong><\/p>\n<p>Sve rezervacije i kupnje usluga putem ove web stranice pla\u0107aju se online kreditnom ili debitnom karticom. Prihva\u0107amo Mastercard, Visa i American Express.<\/p>\n<p><strong>\u0160TO AKO \u017dELIM OTKAZATI SVOJU REZERVACIJU?<\/strong><\/p>\n<p>Sva otkazivanja moraju biti u pisanom obliku. Ne mo\u017eemo prihvatiti usmena otkazivanja. Tro\u0161kovi otkazivanja istaknuti su u pravilima otkazivanja svake usluge.<\/p>\n<p><b>KAKO \u0106U ZNATI DA JE MOJA REZERVACIJA USPJE\u0160NA?<\/b><\/p>\n<p>Nekoliko minuta nakon \u0161to rezervirate smje\u0161taj ili uslugu na na\u0161oj web stranici dobit \u0107ete potvrdni voucher sa svim va\u017enim detaljima. Ako za nekoliko sati ne dobijete voucher molimo po\u0161aljite nam e-mail na: info@croatialocaltours.com.<\/p>\n<p><strong>KOJE USLUGE UKLJU\u010cUJETE?<\/strong><\/p>\n<p>U va\u0161 paket mo\u017eemo uklju\u010diti sve usluge povezane s putovanjem, ovisno o tome \u0161to \u017eelite i tra\u017eite da organiziramo za vas. Ovo su neke od usluga koje mo\u017eemo organizirati za Vas (rezervacija smje\u0161taja u privatnom smje\u0161taju ili hotelu, privatni prijevoz, pje\u0161a\u010dke ture, cjelodnevne ture po susjednim zemljama, medicinske usluge itd.). Nastojat \u0107emo ispuniti va\u0161e \u017eelje i \u017eelje.<\/p>\n<\/div>\n<\/div>\n<\/div>\n<\/div>\n<\/div>\n<\/section>\n<\/div>","protected":false},"excerpt":{"rendered":"<p>THERE IS A MISTAKE WITH THE CONFIRMATION VOUCHER I GET IN THE E-MAIL. WHAT SHOULD I DO? If you see any mistake on your confirmation [&hellip;]<\/p>\n","protected":false},"author":2,"featured_media":0,"parent":0,"menu_order":0,"comment_status":"closed","ping_status":"closed","template":"","meta":{"slim_seo":{"title":"FREQUENTLY ASKED QUESTIONS (FAQ) - Croatia Local Tours","description":"THERE IS A MISTAKE WITH THE CONFIRMATION VOUCHER I GET IN THE E-MAIL. WHAT SHOULD I DO? If you see any mistake on your confirmation voucher please contact us im"},"footnotes":""},"class_list":["post-5894","page","type-page","status-publish","hentry"],"_links":{"self":[{"href":"https:\/\/croatialocaltours.com\/hr\/wp-json\/wp\/v2\/pages\/5894","targetHints":{"allow":["GET"]}}],"collection":[{"href":"https:\/\/croatialocaltours.com\/hr\/wp-json\/wp\/v2\/pages"}],"about":[{"href":"https:\/\/croatialocaltours.com\/hr\/wp-json\/wp\/v2\/types\/page"}],"author":[{"embeddable":true,"href":"https:\/\/croatialocaltours.com\/hr\/wp-json\/wp\/v2\/users\/2"}],"replies":[{"embeddable":true,"href":"https:\/\/croatialocaltours.com\/hr\/wp-json\/wp\/v2\/comments?post=5894"}],"version-history":[{"count":7,"href":"https:\/\/croatialocaltours.com\/hr\/wp-json\/wp\/v2\/pages\/5894\/revisions"}],"predecessor-version":[{"id":13176,"href":"https:\/\/croatialocaltours.com\/hr\/wp-json\/wp\/v2\/pages\/5894\/revisions\/13176"}],"wp:attachment":[{"href":"https:\/\/croatialocaltours.com\/hr\/wp-json\/wp\/v2\/media?parent=5894"}],"curies":[{"name":"wp","href":"https:\/\/api.w.org\/{rel}","templated":true}]}}