{"id":5891,"date":"2022-05-23T00:25:20","date_gmt":"2022-05-22T22:25:20","guid":{"rendered":"https:\/\/rentalsdubrovnik.com\/?page_id=5891"},"modified":"2024-03-08T13:05:23","modified_gmt":"2024-03-08T12:05:23","slug":"terms-and-conditions","status":"publish","type":"page","link":"https:\/\/croatialocaltours.com\/hr\/terms-and-conditions\/","title":{"rendered":"Uvijeti kori\u0161tenja"},"content":{"rendered":"<div class=\"kc-elm kc-css-373502 kc_text_block\">\n<h2><strong style=\"font-family: lato, sans-serif, arial; font-size: 16px;\">OP\u0106E INFORMACIJE:<\/strong><\/h2>\n<\/div>\n<div class=\"kc-elm kc-css-821706 kc_text_block\">\n<p><strong>Croatia Local Tours<\/strong><\/p>\n<p>Hrvatska<\/p>\n<p>info@croatialocaltours.com<\/p>\n<p>The following Terms &amp; Conditions apply to all bookings, purchases, orders, and payment procedures of all services shown on this page. Please take a moment to read all of them before making a reservation for services.<\/p>\n<p>Op\u0107i uvjeti pru\u017eanja usluga dio su ugovora izme\u0111u\u00a0<strong>Croatia Local Tours <\/strong>as a Travel agency and the traveler who accepts the offer arrangement. Everything that is listed in the general conditions represents a legal commitment for the travelers and <strong>Croatia Local Tours.<\/strong> Prilikom rezervacije putnik potvr\u0111uje da je ovla\u0161ten prihvatiti ove uvjete u svoje ime i u ime svih \u010dlanova grupe. Kori\u0161tenjem ove stranice sla\u017eete se s Uvjetima i odredbama.<\/p>\n<ol>\n<li><strong>PROCES REZERVACIJE<\/strong><\/li>\n<\/ol>\n<p>Putnik kupuje i rezervira usluge ispunjavanjem elektroni\u010dke narud\u017ebenice. Kupcem smatramo svaku osobu koja rezervira barem jednu uslugu, pru\u017ei tra\u017eene podatke i detalje te po\u0161alje narud\u017ebu putem web stranice. Sve cijene izra\u017eene su u eurima i kona\u010dne su. Cijene uklju\u010duju PDV (porez na dodanu vrijednost).<\/p>\n<p>The process of an order starts when travelers select the service on the website. After that needs to fill in the form with all requested information (name, phone, number of persons, etc). The traveler has to put in credit card details to finish the booking process. Then, after a few minutes, the traveler&#8217;s email will come confirmation voucher with all details about the ordered service (date and time of the service, starting point, service provider, etc.). This voucher serves also as a ticket. The cancellation of the ordered service is regulated by the terms and conditions of each service. The tour operator provides services according to the information published and valid at the time when service is confirmed, and according to the description, except in circumstances beyond its control (such as the illness of the service provider, pandemics, earthquakes, floods, sanitation, fires, droughts, wars, strikes, terrorist actions, etc.).<\/p>\n<p>Odgovornost Croatia Local Toursa je ograni\u010dena. Ne\u0107emo prihvatiti nikakvu odgovornost u vezi s ka\u0161njenjima ili promjenama rasporeda, zadanim ili prevelikim brojem rezervacija smje\u0161taja, izletima i iskustvima, transferima, bole\u0161\u0107u, smr\u0107u, vremenskim promjenama i uvjetima, \u0161trajkovima, karantenom i drugim uzrocima izvan na\u0161e kontrole.<\/p>\n<p><strong>2. PODACI ZA PLA\u0106ANJE<\/strong><\/p>\n<p>For services that you book through this website, you pay online with a credit\/debit card. Croatia Local Tours charges the traveler&#8217;s credit\/debit card immediately after the transaction is performed.<\/p>\n<p>Kreditna\/debitna kartica tereti se u hrvatskim kunama (HRK), nacionalnoj valuti u Hrvatskoj. Iznos kojim se tereti kartica dobiva se konverzijom eura u hrvatske kune prema te\u010daju utvr\u0111enom cjenikom na dan kupnje usluge. Iznos koji se tereti na putnikovoj kreditnoj\/debitnoj kartici u hrvatskoj valuti bit \u0107e preveden u nacionalnu valutu putnika od strane karti\u010darske ku\u0107e primjenom va\u017ee\u0107e te\u010dajne liste zemlje putnika.<\/p>\n<p><strong>3. ZA\u0160TITA OSOBNIH PODATAKA<\/strong><\/p>\n<p>Obvezujemo se \u0161tititi osobne podatke putnika prikupljaju\u0107i samo osnovne podatke o putnicima. Putnik \u0107e biti obavije\u0161ten o na\u010dinu kori\u0161tenja prikupljenih podataka. Putniku \u0107e biti omogu\u0107ena mogu\u0107nost odabira kori\u0161tenja informacija, uklju\u010duju\u0107i mogu\u0107nost odabira da li \u017eeli da mu se \u0161alju marketin\u0161ke kampanje ili \u017eeli da njegovo ime uklonimo s popisa. Svi zaposlenici i partneri odgovorni su za po\u0161tivanje na\u010dela politike privatnosti.<\/p>\n<p><strong>4. PRIGOVORI<\/strong><\/p>\n<p>Pritu\u017ebe se podnose u pisanom obliku. Pisani prigovor putnik je du\u017ean podnijeti najkasnije 10 dana nakon izvr\u0161ene\/zavr\u0161ene usluge. Nakon isteka roka ne zaprimamo prigovore i nismo du\u017eni odgovoriti na prigovor. Odluku o prigovoru du\u017eni smo donijeti u roku od 15 dana od primitka prigovora. Prigovor putnik mo\u017ee poslati e-mailom ili na adresu:<\/p>\n<p>e-mail: info@croatialocaltours.com<\/p>\n<p><strong>5. PROMJENA ODREDBI I UVJETA<\/strong><\/p>\n<p>Zadr\u017eavamo pravo izmjene ovih Uvjeta bez prethodne najave, kako bismo pove\u0107ali kvalitetu web stranice i na\u0161e usluge. Za sve informacije o Uvjetima i odredbama kontaktirajte nas putem e-maila: info@croatialocaltours.com<\/p>\n<\/div>","protected":false},"excerpt":{"rendered":"<p>GENERAL INFORMATION: Croatia Local Tours Croatia info@croatialocaltours.com The following Terms &amp; Conditions apply to all bookings, purchases, orders, and payment procedures of all services shown [&hellip;]<\/p>\n","protected":false},"author":2,"featured_media":0,"parent":0,"menu_order":0,"comment_status":"closed","ping_status":"closed","template":"","meta":{"slim_seo":{"title":"Terms & Condition - Croatia Local Tours","description":"GENERAL INFORMATION: Croatia Local Tours Croatia info@croatialocaltours.com The following Terms &amp; Conditions apply to all bookings, purchases, orders, and p"},"footnotes":""},"class_list":["post-5891","page","type-page","status-publish","hentry"],"_links":{"self":[{"href":"https:\/\/croatialocaltours.com\/hr\/wp-json\/wp\/v2\/pages\/5891","targetHints":{"allow":["GET"]}}],"collection":[{"href":"https:\/\/croatialocaltours.com\/hr\/wp-json\/wp\/v2\/pages"}],"about":[{"href":"https:\/\/croatialocaltours.com\/hr\/wp-json\/wp\/v2\/types\/page"}],"author":[{"embeddable":true,"href":"https:\/\/croatialocaltours.com\/hr\/wp-json\/wp\/v2\/users\/2"}],"replies":[{"embeddable":true,"href":"https:\/\/croatialocaltours.com\/hr\/wp-json\/wp\/v2\/comments?post=5891"}],"version-history":[{"count":5,"href":"https:\/\/croatialocaltours.com\/hr\/wp-json\/wp\/v2\/pages\/5891\/revisions"}],"predecessor-version":[{"id":13842,"href":"https:\/\/croatialocaltours.com\/hr\/wp-json\/wp\/v2\/pages\/5891\/revisions\/13842"}],"wp:attachment":[{"href":"https:\/\/croatialocaltours.com\/hr\/wp-json\/wp\/v2\/media?parent=5891"}],"curies":[{"name":"wp","href":"https:\/\/api.w.org\/{rel}","templated":true}]}}