{"id":3696,"date":"2022-03-28T15:45:47","date_gmt":"2022-03-28T15:45:47","guid":{"rendered":"https:\/\/rentalsdubrovnik.com\/?page_id=3696"},"modified":"2023-12-12T11:40:48","modified_gmt":"2023-12-12T10:40:48","slug":"walking-tours","status":"publish","type":"page","link":"https:\/\/croatialocaltours.com\/hr\/walking-tours\/","title":{"rendered":"Razgled Grada"},"content":{"rendered":"<div data-elementor-type=\"wp-page\" data-elementor-id=\"3696\" class=\"elementor elementor-3696\">\n\t\t\t\t\t\t<section class=\"elementor-section elementor-top-section elementor-element elementor-element-bd01430 elementor-section-boxed elementor-section-height-default elementor-section-height-default\" data-id=\"bd01430\" data-element_type=\"section\" data-e-type=\"section\">\n\t\t\t\t\t\t<div class=\"elementor-container elementor-column-gap-default\">\n\t\t\t\t\t<div class=\"elementor-column elementor-col-100 elementor-top-column elementor-element elementor-element-53dddde\" data-id=\"53dddde\" data-element_type=\"column\" data-e-type=\"column\">\n\t\t\t<div class=\"elementor-widget-wrap elementor-element-populated\">\n\t\t\t\t\t\t<div class=\"elementor-element elementor-element-aef9bde elementor-widget elementor-widget-spacer\" data-id=\"aef9bde\" data-element_type=\"widget\" data-e-type=\"widget\" data-widget_type=\"spacer.default\">\n\t\t\t\t<div class=\"elementor-widget-container\">\n\t\t\t\t\t\t\t<div class=\"elementor-spacer\">\n\t\t\t<div class=\"elementor-spacer-inner\"><\/div>\n\t\t<\/div>\n\t\t\t\t\t\t<\/div>\n\t\t\t\t<\/div>\n\t\t\t\t\t<\/div>\n\t\t<\/div>\n\t\t\t\t\t<\/div>\n\t\t<\/section>\n\t\t\t\t<section class=\"elementor-section elementor-top-section elementor-element elementor-element-2474f56 elementor-section-boxed elementor-section-height-default elementor-section-height-default\" data-id=\"2474f56\" data-element_type=\"section\" data-e-type=\"section\">\n\t\t\t\t\t\t<div class=\"elementor-container elementor-column-gap-default\">\n\t\t\t\t\t<div class=\"elementor-column elementor-col-100 elementor-top-column elementor-element elementor-element-aeb7fe4\" data-id=\"aeb7fe4\" data-element_type=\"column\" data-e-type=\"column\">\n\t\t\t<div class=\"elementor-widget-wrap elementor-element-populated\">\n\t\t\t\t\t\t<div class=\"elementor-element elementor-element-947cccf elementor-widget elementor-widget-text-editor\" data-id=\"947cccf\" data-element_type=\"widget\" data-e-type=\"widget\" data-widget_type=\"text-editor.default\">\n\t\t\t\t<div class=\"elementor-widget-container\">\n\t\t\t\t\t\t\t\t\t<h3 style=\"text-align: center;\">Otkrijte kulturu, povijest i gastronomiju ove nevjerojatne regije. Do\u017eivite sve \u0161to ovaj grad nudi na na\u0161im turama.<\/h3>\t\t\t\t\t\t\t\t<\/div>\n\t\t\t\t<\/div>\n\t\t\t\t\t<\/div>\n\t\t<\/div>\n\t\t\t\t\t<\/div>\n\t\t<\/section>\n\t\t\t\t<section class=\"elementor-section elementor-top-section elementor-element elementor-element-2ecae5af elementor-section-boxed elementor-section-height-default elementor-section-height-default\" data-id=\"2ecae5af\" data-element_type=\"section\" data-e-type=\"section\" id=\"blog-section\">\n\t\t\t\t\t\t<div class=\"elementor-container elementor-column-gap-no\">\n\t\t\t\t\t<div class=\"elementor-column elementor-col-100 elementor-top-column elementor-element elementor-element-323e44c1\" data-id=\"323e44c1\" data-element_type=\"column\" data-e-type=\"column\">\n\t\t\t<div class=\"elementor-widget-wrap elementor-element-populated\">\n\t\t\t\t\t\t<div class=\"elementor-element elementor-element-d358e50 elementor-grid-eael-col-3 elementor-grid-tablet-eael-col-3 elementor-grid-mobile-eael-col-1 elementor-widget elementor-widget-eael-post-grid\" data-id=\"d358e50\" data-element_type=\"widget\" data-e-type=\"widget\" data-settings=\"{&quot;eael_post_grid_columns&quot;:&quot;eael-col-3&quot;,&quot;eael_post_grid_columns_tablet&quot;:&quot;eael-col-3&quot;,&quot;eael_post_grid_columns_mobile&quot;:&quot;eael-col-1&quot;}\" data-widget_type=\"eael-post-grid.default\">\n\t\t\t\t<div class=\"elementor-widget-container\">\n\t\t\t\t\t<div id=\"eael-post-grid-d358e50\" class=\"eael-post-grid-container\">\n            <div class=\"eael-post-grid eael-post-appender eael-post-appender-d358e50 eael-post-grid-style-one\" data-layout-mode=\"grid\"><article class=\"eael-grid-post  eael-post-grid-column eael-pg-post-4163 category-group-tours-walking-tours tags-game-of-thrones-walking-tour-group-tour\" data-id=\"4163\">\n        <div class=\"eael-grid-post-holder\">\n            <div class=\"eael-grid-post-holder-inner\"><div class=\"eael-entry-media\"><div class=\"eael-entry-overlay fade-in\"><i class=\"\" aria-hidden=\"true\"><\/i><a href=\"https:\/\/croatialocaltours.com\/hr\/group-tour-game-of-thrones-walking-tour\/\"><\/a><\/div><div class=\"eael-entry-thumbnail eael-image-ratio\">\n                <img fetchpriority=\"high\" decoding=\"async\" width=\"720\" height=\"480\" src=\"https:\/\/croatialocaltours.com\/wp-content\/uploads\/2022\/04\/fecb3b54-f6b4-4e67-8ece-e7eb0bb17761.webp\" class=\"attachment-full size-full wp-image-4165\" alt=\"Dubrovnik walking tour\" srcset=\"https:\/\/croatialocaltours.com\/wp-content\/uploads\/2022\/04\/fecb3b54-f6b4-4e67-8ece-e7eb0bb17761.webp 720w, https:\/\/croatialocaltours.com\/wp-content\/uploads\/2022\/04\/fecb3b54-f6b4-4e67-8ece-e7eb0bb17761-300x200.webp 300w\" sizes=\"(max-width: 720px) 100vw, 720px\" \/>\n            <\/div>\n        <\/div><div class=\"eael-entry-wrapper\"><header class=\"eael-entry-header\"><h2 class=\"eael-entry-title\"><a class=\"eael-grid-post-link\" href=\"https:\/\/croatialocaltours.com\/hr\/group-tour-game-of-thrones-walking-tour\/\" title=\"Grupni obilazak: pje\u0161a\u010dki obilazak Igre prijestolja\">Grupni obilazak: pje\u0161a\u010dki obilazak Igre prijestolja<\/a><\/h2><\/header><div class=\"eael-entry-header-after\"><div class=\"eael-entry-meta\"><\/div><\/div><div class=\"eael-entry-content\">\n                        <div class=\"eael-grid-post-excerpt\"><a href=\"https:\/\/croatialocaltours.com\/hr\/group-tour-game-of-thrones-walking-tour\/\" class=\"eael-post-elements-readmore-btn\">Pro\u010ditaj vi\u0161e<\/a><\/div>\n                    <\/div><\/div><\/div>\n        <\/div>\n    <\/article><article class=\"eael-grid-post  eael-post-grid-column eael-pg-post-3569 category-private-tours-walking-tours tags-dubrovnik-private-tour-walking-tour\" data-id=\"3569\">\n        <div class=\"eael-grid-post-holder\">\n            <div class=\"eael-grid-post-holder-inner\"><div class=\"eael-entry-media\"><div class=\"eael-entry-overlay fade-in\"><i class=\"\" aria-hidden=\"true\"><\/i><a href=\"https:\/\/croatialocaltours.com\/hr\/private-tour-dubrovnik-highlights-walking-tour\/\"><\/a><\/div><div class=\"eael-entry-thumbnail eael-image-ratio\">\n                <img decoding=\"async\" width=\"720\" height=\"480\" src=\"https:\/\/croatialocaltours.com\/wp-content\/uploads\/2022\/03\/885e3361-87c6-4c39-abc8-81ec405ec1cd.webp\" class=\"attachment-full size-full wp-image-3564\" alt=\"\" srcset=\"https:\/\/croatialocaltours.com\/wp-content\/uploads\/2022\/03\/885e3361-87c6-4c39-abc8-81ec405ec1cd.webp 720w, https:\/\/croatialocaltours.com\/wp-content\/uploads\/2022\/03\/885e3361-87c6-4c39-abc8-81ec405ec1cd-300x200.webp 300w\" sizes=\"(max-width: 720px) 100vw, 720px\" \/>\n            <\/div>\n        <\/div><div class=\"eael-entry-wrapper\"><header class=\"eael-entry-header\"><h2 class=\"eael-entry-title\"><a class=\"eael-grid-post-link\" href=\"https:\/\/croatialocaltours.com\/hr\/private-tour-dubrovnik-highlights-walking-tour\/\" title=\"Privatni obilazak: Pje\u0161a\u010dka tura Dubrovnik Highlights\">Privatni obilazak: Pje\u0161a\u010dka tura Dubrovnik Highlights<\/a><\/h2><\/header><div class=\"eael-entry-header-after\"><div class=\"eael-entry-meta\"><\/div><\/div><div class=\"eael-entry-content\">\n                        <div class=\"eael-grid-post-excerpt\"><a href=\"https:\/\/croatialocaltours.com\/hr\/private-tour-dubrovnik-highlights-walking-tour\/\" class=\"eael-post-elements-readmore-btn\">Pro\u010ditaj vi\u0161e<\/a><\/div>\n                    <\/div><\/div><\/div>\n        <\/div>\n    <\/article><article class=\"eael-grid-post  eael-post-grid-column eael-pg-post-4143 category-group-tours-walking-tours tags-dubrovnik-group-tour-walking-tour\" data-id=\"4143\">\n        <div class=\"eael-grid-post-holder\">\n            <div class=\"eael-grid-post-holder-inner\"><div class=\"eael-entry-media\"><div class=\"eael-entry-overlay fade-in\"><i class=\"\" aria-hidden=\"true\"><\/i><a href=\"https:\/\/croatialocaltours.com\/hr\/group-tour-dubrovnik-highlights-walking-tour\/\"><\/a><\/div><div class=\"eael-entry-thumbnail eael-image-ratio\">\n                <img decoding=\"async\" width=\"1000\" height=\"667\" src=\"https:\/\/croatialocaltours.com\/wp-content\/uploads\/2022\/04\/Dubrovnik-walking-tour.jpg\" class=\"attachment-full size-full wp-image-4144\" alt=\"Dubrovnik walking tour\" srcset=\"https:\/\/croatialocaltours.com\/wp-content\/uploads\/2022\/04\/Dubrovnik-walking-tour.jpg 1000w, https:\/\/croatialocaltours.com\/wp-content\/uploads\/2022\/04\/Dubrovnik-walking-tour-300x200.jpg 300w, https:\/\/croatialocaltours.com\/wp-content\/uploads\/2022\/04\/Dubrovnik-walking-tour-768x512.jpg 768w\" sizes=\"(max-width: 1000px) 100vw, 1000px\" \/>\n            <\/div>\n        <\/div><div class=\"eael-entry-wrapper\"><header class=\"eael-entry-header\"><h2 class=\"eael-entry-title\"><a class=\"eael-grid-post-link\" href=\"https:\/\/croatialocaltours.com\/hr\/group-tour-dubrovnik-highlights-walking-tour\/\" title=\"Grupni obilazak: pje\u0161a\u010dka tura Dubrovnik Highlights\">Grupni obilazak: pje\u0161a\u010dka tura Dubrovnik Highlights<\/a><\/h2><\/header><div class=\"eael-entry-header-after\"><div class=\"eael-entry-meta\"><\/div><\/div><div class=\"eael-entry-content\">\n                        <div class=\"eael-grid-post-excerpt\"><a href=\"https:\/\/croatialocaltours.com\/hr\/group-tour-dubrovnik-highlights-walking-tour\/\" class=\"eael-post-elements-readmore-btn\">Pro\u010ditaj vi\u0161e<\/a><\/div>\n                    <\/div><\/div><\/div>\n        <\/div>\n    <\/article><article class=\"eael-grid-post  eael-post-grid-column eael-pg-post-4301 category-group-tours-walking-tours tags-dubrovnik-tour-walking-tour\" data-id=\"4301\">\n        <div class=\"eael-grid-post-holder\">\n            <div class=\"eael-grid-post-holder-inner\"><div class=\"eael-entry-media\"><div class=\"eael-entry-overlay fade-in\"><i class=\"\" aria-hidden=\"true\"><\/i><a href=\"https:\/\/croatialocaltours.com\/hr\/group-tour-best-of-dubrovnik-walking-tour\/\"><\/a><\/div><div class=\"eael-entry-thumbnail eael-image-ratio\">\n                <img loading=\"lazy\" decoding=\"async\" width=\"720\" height=\"480\" src=\"https:\/\/croatialocaltours.com\/wp-content\/uploads\/2022\/04\/be725e96-91a9-4cfb-8b2f-be24f58229cb.webp\" class=\"attachment-full size-full wp-image-4303\" alt=\"Be725e96 91a9 4cfb 8b2f be24f58229cb\" srcset=\"https:\/\/croatialocaltours.com\/wp-content\/uploads\/2022\/04\/be725e96-91a9-4cfb-8b2f-be24f58229cb.webp 720w, https:\/\/croatialocaltours.com\/wp-content\/uploads\/2022\/04\/be725e96-91a9-4cfb-8b2f-be24f58229cb-300x200.webp 300w\" sizes=\"(max-width: 720px) 100vw, 720px\" \/>\n            <\/div>\n        <\/div><div class=\"eael-entry-wrapper\"><header class=\"eael-entry-header\"><h2 class=\"eael-entry-title\"><a class=\"eael-grid-post-link\" href=\"https:\/\/croatialocaltours.com\/hr\/group-tour-best-of-dubrovnik-walking-tour\/\" title=\"Grupni obilazak: pje\u0161a\u010dka tura najboljeg Dubrovnika\">Grupni obilazak: pje\u0161a\u010dka tura najboljeg Dubrovnika<\/a><\/h2><\/header><div class=\"eael-entry-header-after\"><div class=\"eael-entry-meta\"><\/div><\/div><div class=\"eael-entry-content\">\n                        <div class=\"eael-grid-post-excerpt\"><a href=\"https:\/\/croatialocaltours.com\/hr\/group-tour-best-of-dubrovnik-walking-tour\/\" class=\"eael-post-elements-readmore-btn\">Pro\u010ditaj vi\u0161e<\/a><\/div>\n                    <\/div><\/div><\/div>\n        <\/div>\n    <\/article><article class=\"eael-grid-post  eael-post-grid-column eael-pg-post-4305 category-private-tours-walking-tours tags-dubrovnik-tour-walking-tour\" data-id=\"4305\">\n        <div class=\"eael-grid-post-holder\">\n            <div class=\"eael-grid-post-holder-inner\"><div class=\"eael-entry-media\"><div class=\"eael-entry-overlay fade-in\"><i class=\"\" aria-hidden=\"true\"><\/i><a href=\"https:\/\/croatialocaltours.com\/hr\/1-hour-private-dubrovnik-highlights-walking-tour\/\"><\/a><\/div><div class=\"eael-entry-thumbnail eael-image-ratio\">\n                <img loading=\"lazy\" decoding=\"async\" width=\"720\" height=\"480\" src=\"https:\/\/croatialocaltours.com\/wp-content\/uploads\/2022\/04\/621c8b52-b079-4eb1-abbe-a7fed88d94c8.webp\" class=\"attachment-full size-full wp-image-4307\" alt=\"621c8b52 b079 4eb1 abbe a7fed88d94c8\" srcset=\"https:\/\/croatialocaltours.com\/wp-content\/uploads\/2022\/04\/621c8b52-b079-4eb1-abbe-a7fed88d94c8.webp 720w, https:\/\/croatialocaltours.com\/wp-content\/uploads\/2022\/04\/621c8b52-b079-4eb1-abbe-a7fed88d94c8-300x200.webp 300w\" sizes=\"(max-width: 720px) 100vw, 720px\" \/>\n            <\/div>\n        <\/div><div class=\"eael-entry-wrapper\"><header class=\"eael-entry-header\"><h2 class=\"eael-entry-title\"><a class=\"eael-grid-post-link\" href=\"https:\/\/croatialocaltours.com\/hr\/1-hour-private-dubrovnik-highlights-walking-tour\/\" title=\"1-satni privatni pje\u0161a\u010dki obilazak znamenitosti Dubrovnika\">1-satni privatni pje\u0161a\u010dki obilazak znamenitosti Dubrovnika<\/a><\/h2><\/header><div class=\"eael-entry-header-after\"><div class=\"eael-entry-meta\"><\/div><\/div><div class=\"eael-entry-content\">\n                        <div class=\"eael-grid-post-excerpt\"><a href=\"https:\/\/croatialocaltours.com\/hr\/1-hour-private-dubrovnik-highlights-walking-tour\/\" class=\"eael-post-elements-readmore-btn\">Pro\u010ditaj vi\u0161e<\/a><\/div>\n                    <\/div><\/div><\/div>\n        <\/div>\n    <\/article><article class=\"eael-grid-post  eael-post-grid-column eael-pg-post-4309 category-private-tours-walking-tours tags-dubrovnik-tour-walking-tour\" data-id=\"4309\">\n        <div class=\"eael-grid-post-holder\">\n            <div class=\"eael-grid-post-holder-inner\"><div class=\"eael-entry-media\"><div class=\"eael-entry-overlay fade-in\"><i class=\"\" aria-hidden=\"true\"><\/i><a href=\"https:\/\/croatialocaltours.com\/hr\/private-dubrovnik-city-wall-walking-tour-with-tickets\/\"><\/a><\/div><div class=\"eael-entry-thumbnail eael-image-ratio\">\n                <img loading=\"lazy\" decoding=\"async\" width=\"719\" height=\"480\" src=\"https:\/\/croatialocaltours.com\/wp-content\/uploads\/2022\/04\/867f52bc-efbd-4278-93c2-8e4eb47a01b4.webp\" class=\"attachment-full size-full wp-image-4311\" alt=\"867f52bc efbd 4278 93c2 8e4eb47a01b4\" srcset=\"https:\/\/croatialocaltours.com\/wp-content\/uploads\/2022\/04\/867f52bc-efbd-4278-93c2-8e4eb47a01b4.webp 719w, https:\/\/croatialocaltours.com\/wp-content\/uploads\/2022\/04\/867f52bc-efbd-4278-93c2-8e4eb47a01b4-300x200.webp 300w\" sizes=\"(max-width: 719px) 100vw, 719px\" \/>\n            <\/div>\n        <\/div><div class=\"eael-entry-wrapper\"><header class=\"eael-entry-header\"><h2 class=\"eael-entry-title\"><a class=\"eael-grid-post-link\" href=\"https:\/\/croatialocaltours.com\/hr\/private-dubrovnik-city-wall-walking-tour-with-tickets\/\" title=\"Privatna pje\u0161a\u010dka tura dubrova\u010dkim gradskim zidinama s ulaznicama\">Privatna pje\u0161a\u010dka tura dubrova\u010dkim gradskim zidinama s ulaznicama<\/a><\/h2><\/header><div class=\"eael-entry-header-after\"><div class=\"eael-entry-meta\"><\/div><\/div><div class=\"eael-entry-content\">\n                        <div class=\"eael-grid-post-excerpt\"><a href=\"https:\/\/croatialocaltours.com\/hr\/private-dubrovnik-city-wall-walking-tour-with-tickets\/\" class=\"eael-post-elements-readmore-btn\">Pro\u010ditaj vi\u0161e<\/a><\/div>\n                    <\/div><\/div><\/div>\n        <\/div>\n    <\/article><article class=\"eael-grid-post  eael-post-grid-column eael-pg-post-4313 category-group-tours-walking-tours tags-dubrovnik-group-tour-walking-tour\" data-id=\"4313\">\n        <div class=\"eael-grid-post-holder\">\n            <div class=\"eael-grid-post-holder-inner\"><div class=\"eael-entry-media\"><div class=\"eael-entry-overlay fade-in\"><i class=\"\" aria-hidden=\"true\"><\/i><a href=\"https:\/\/croatialocaltours.com\/hr\/be-the-first-dubrovnik-early-bird-group-walking-tour\/\"><\/a><\/div><div class=\"eael-entry-thumbnail eael-image-ratio\">\n                <img loading=\"lazy\" decoding=\"async\" width=\"720\" height=\"480\" src=\"https:\/\/croatialocaltours.com\/wp-content\/uploads\/2022\/04\/05f7662e-f410-474c-a907-1fffd292d83e.webp\" class=\"attachment-full size-full wp-image-4315\" alt=\"05f7662e f410 474c a907 1fffd292d83e\" srcset=\"https:\/\/croatialocaltours.com\/wp-content\/uploads\/2022\/04\/05f7662e-f410-474c-a907-1fffd292d83e.webp 720w, https:\/\/croatialocaltours.com\/wp-content\/uploads\/2022\/04\/05f7662e-f410-474c-a907-1fffd292d83e-300x200.webp 300w\" sizes=\"(max-width: 720px) 100vw, 720px\" \/>\n            <\/div>\n        <\/div><div class=\"eael-entry-wrapper\"><header class=\"eael-entry-header\"><h2 class=\"eael-entry-title\"><a class=\"eael-grid-post-link\" href=\"https:\/\/croatialocaltours.com\/hr\/be-the-first-dubrovnik-early-bird-group-walking-tour\/\" title=\"Budite prvi: Dubrovnik Early Bird Group Walking Tour\">Budite prvi: Dubrovnik Early Bird Group Walking Tour<\/a><\/h2><\/header><div class=\"eael-entry-header-after\"><div class=\"eael-entry-meta\"><\/div><\/div><div class=\"eael-entry-content\">\n                        <div class=\"eael-grid-post-excerpt\"><a href=\"https:\/\/croatialocaltours.com\/hr\/be-the-first-dubrovnik-early-bird-group-walking-tour\/\" class=\"eael-post-elements-readmore-btn\">Pro\u010ditaj vi\u0161e<\/a><\/div>\n                    <\/div><\/div><\/div>\n        <\/div>\n    <\/article><article class=\"eael-grid-post  eael-post-grid-column eael-pg-post-4319 category-group-tours-walking-tours tags-dubrovnik-group-tour-tour-tours\" data-id=\"4319\">\n        <div class=\"eael-grid-post-holder\">\n            <div class=\"eael-grid-post-holder-inner\"><div class=\"eael-entry-media\"><div class=\"eael-entry-overlay fade-in\"><i class=\"\" aria-hidden=\"true\"><\/i><a href=\"https:\/\/croatialocaltours.com\/hr\/group-tour-explore-magical-dubrovnik-walking-tour\/\"><\/a><\/div><div class=\"eael-entry-thumbnail eael-image-ratio\">\n                <img loading=\"lazy\" decoding=\"async\" width=\"720\" height=\"480\" src=\"https:\/\/croatialocaltours.com\/wp-content\/uploads\/2022\/04\/d206e31b-a627-4408-bac9-01a00da78d47.webp\" class=\"attachment-full size-full wp-image-4321\" alt=\"Group walking tours dubrovnik\" srcset=\"https:\/\/croatialocaltours.com\/wp-content\/uploads\/2022\/04\/d206e31b-a627-4408-bac9-01a00da78d47.webp 720w, https:\/\/croatialocaltours.com\/wp-content\/uploads\/2022\/04\/d206e31b-a627-4408-bac9-01a00da78d47-300x200.webp 300w\" sizes=\"(max-width: 720px) 100vw, 720px\" \/>\n            <\/div>\n        <\/div><div class=\"eael-entry-wrapper\"><header class=\"eael-entry-header\"><h2 class=\"eael-entry-title\"><a class=\"eael-grid-post-link\" href=\"https:\/\/croatialocaltours.com\/hr\/group-tour-explore-magical-dubrovnik-walking-tour\/\" title=\"Grupni obilazak: Istra\u017eite \u010darobni dubrova\u010dki pje\u0161a\u010dki obilazak\">Grupni obilazak: Istra\u017eite \u010darobni dubrova\u010dki pje\u0161a\u010dki obilazak<\/a><\/h2><\/header><div class=\"eael-entry-header-after\"><div class=\"eael-entry-meta\"><\/div><\/div><div class=\"eael-entry-content\">\n                        <div class=\"eael-grid-post-excerpt\"><a href=\"https:\/\/croatialocaltours.com\/hr\/group-tour-explore-magical-dubrovnik-walking-tour\/\" class=\"eael-post-elements-readmore-btn\">Pro\u010ditaj vi\u0161e<\/a><\/div>\n                    <\/div><\/div><\/div>\n        <\/div>\n    <\/article><article class=\"eael-grid-post  eael-post-grid-column eael-pg-post-4323 category-private-tours-walking-tours tags-evening-walking-tour-tour-walking-tour\" data-id=\"4323\">\n        <div class=\"eael-grid-post-holder\">\n            <div class=\"eael-grid-post-holder-inner\"><div class=\"eael-entry-media\"><div class=\"eael-entry-overlay fade-in\"><i class=\"\" aria-hidden=\"true\"><\/i><a href=\"https:\/\/croatialocaltours.com\/hr\/private-evening-walking-tour-of-dubrovnik-old-town\/\"><\/a><\/div><div class=\"eael-entry-thumbnail eael-image-ratio\">\n                <img loading=\"lazy\" decoding=\"async\" width=\"720\" height=\"479\" src=\"https:\/\/croatialocaltours.com\/wp-content\/uploads\/2022\/04\/ebbd0b49-5be7-49ca-836b-3ef35ad2f586.webp\" class=\"attachment-full size-full wp-image-4325\" alt=\"Ebbd0b49 5be7 49ca 836b 3ef35ad2f586\" srcset=\"https:\/\/croatialocaltours.com\/wp-content\/uploads\/2022\/04\/ebbd0b49-5be7-49ca-836b-3ef35ad2f586.webp 720w, https:\/\/croatialocaltours.com\/wp-content\/uploads\/2022\/04\/ebbd0b49-5be7-49ca-836b-3ef35ad2f586-300x200.webp 300w\" sizes=\"(max-width: 720px) 100vw, 720px\" \/>\n            <\/div>\n        <\/div><div class=\"eael-entry-wrapper\"><header class=\"eael-entry-header\"><h2 class=\"eael-entry-title\"><a class=\"eael-grid-post-link\" href=\"https:\/\/croatialocaltours.com\/hr\/private-evening-walking-tour-of-dubrovnik-old-town\/\" title=\"Privatni ve\u010dernji obilazak starog grada Dubrovnika\">Privatni ve\u010dernji obilazak starog grada Dubrovnika<\/a><\/h2><\/header><div class=\"eael-entry-header-after\"><div class=\"eael-entry-meta\"><\/div><\/div><div class=\"eael-entry-content\">\n                        <div class=\"eael-grid-post-excerpt\"><a href=\"https:\/\/croatialocaltours.com\/hr\/private-evening-walking-tour-of-dubrovnik-old-town\/\" class=\"eael-post-elements-readmore-btn\">Pro\u010ditaj vi\u0161e<\/a><\/div>\n                    <\/div><\/div><\/div>\n        <\/div>\n    <\/article><\/div>\n            <div class=\"clearfix\"><\/div>\n        <\/div>            <div class=\"eael-load-more-button-wrap\">\n                <button class=\"eael-load-more-button\" id=\"eael-load-more-btn-d358e50\" data-widget-id=\"d358e50\" data-widget=\"d358e50\" data-page-id=\"3696\" data-template=\"{&quot;dir&quot;:&quot;lite&quot;,&quot;file_name&quot;:&quot;one.php&quot;,&quot;name&quot;:&quot;Post-Grid&quot;}\" data-class=\"Essential_Addons_Elementor\\Elements\\Post_Grid\" data-layout=\"grid\" data-page=\"1\" data-args=\"orderby=date&amp;order=asc&amp;ignore_sticky_posts=1&amp;post_status=publish&amp;posts_per_page=9&amp;offset=0&amp;post_type=post&amp;tax_query%5B0%5D%5Btaxonomy%5D=category&amp;tax_query%5B0%5D%5Bfield%5D=term_id&amp;tax_query%5B0%5D%5Bterms%5D%5B0%5D=19&amp;tax_query%5Brelation%5D=AND\" data-max-page=\"3\">\n                    <span class=\"eael-btn-loader button__loader\"><\/span>\n                    <span class=\"eael_load_more_text\">U\u010ditaj vi\u0161e<\/span>\n                <\/button>\n            <\/div>\n            \t\t\t\t<\/div>\n\t\t\t\t<\/div>\n\t\t\t\t\t<\/div>\n\t\t<\/div>\n\t\t\t\t\t<\/div>\n\t\t<\/section>\n\t\t\t\t<\/div>","protected":false},"excerpt":{"rendered":"<p>Discover the culture, history, and gastronomy of this incredible region. Experience everything this town has to offer on our tours. Group Tour: Game of Thrones [&hellip;]<\/p>\n","protected":false},"author":2,"featured_media":0,"parent":0,"menu_order":0,"comment_status":"closed","ping_status":"closed","template":"templates\/builder-fullwidth-std.php","meta":{"slim_seo":{"title":"Private Evening Walking Tour of Dubrovnik Old Town - Croatia Local Tours","description":""},"footnotes":""},"class_list":["post-3696","page","type-page","status-publish","hentry"],"_links":{"self":[{"href":"https:\/\/croatialocaltours.com\/hr\/wp-json\/wp\/v2\/pages\/3696","targetHints":{"allow":["GET"]}}],"collection":[{"href":"https:\/\/croatialocaltours.com\/hr\/wp-json\/wp\/v2\/pages"}],"about":[{"href":"https:\/\/croatialocaltours.com\/hr\/wp-json\/wp\/v2\/types\/page"}],"author":[{"embeddable":true,"href":"https:\/\/croatialocaltours.com\/hr\/wp-json\/wp\/v2\/users\/2"}],"replies":[{"embeddable":true,"href":"https:\/\/croatialocaltours.com\/hr\/wp-json\/wp\/v2\/comments?post=3696"}],"version-history":[{"count":38,"href":"https:\/\/croatialocaltours.com\/hr\/wp-json\/wp\/v2\/pages\/3696\/revisions"}],"predecessor-version":[{"id":13710,"href":"https:\/\/croatialocaltours.com\/hr\/wp-json\/wp\/v2\/pages\/3696\/revisions\/13710"}],"wp:attachment":[{"href":"https:\/\/croatialocaltours.com\/hr\/wp-json\/wp\/v2\/media?parent=3696"}],"curies":[{"name":"wp","href":"https:\/\/api.w.org\/{rel}","templated":true}]}}