{"id":3401,"date":"2022-03-21T00:59:57","date_gmt":"2022-03-21T00:59:57","guid":{"rendered":"https:\/\/rentalsdubrovnik.com\/?page_id=3401"},"modified":"2023-06-12T22:11:52","modified_gmt":"2023-06-12T21:11:52","slug":"mice","status":"publish","type":"page","link":"https:\/\/croatialocaltours.com\/hr\/mice\/","title":{"rendered":"MICE"},"content":{"rendered":"<div data-elementor-type=\"wp-page\" data-elementor-id=\"3401\" class=\"elementor elementor-3401\">\n\t\t\t\t\t\t<section class=\"elementor-section elementor-top-section elementor-element elementor-element-146bff55 elementor-section-content-middle elementor-section-boxed elementor-section-height-default elementor-section-height-default\" data-id=\"146bff55\" data-element_type=\"section\" data-e-type=\"section\" id=\"info_section\">\n\t\t\t\t\t\t<div class=\"elementor-container elementor-column-gap-no\">\n\t\t\t\t\t<div class=\"elementor-column elementor-col-50 elementor-top-column elementor-element elementor-element-16352894\" data-id=\"16352894\" data-element_type=\"column\" data-e-type=\"column\">\n\t\t\t<div class=\"elementor-widget-wrap elementor-element-populated\">\n\t\t\t\t\t\t<div class=\"elementor-element elementor-element-6a8626ad animated-slow elementor-invisible elementor-widget elementor-widget-video\" data-id=\"6a8626ad\" data-element_type=\"widget\" data-e-type=\"widget\" data-settings=\"{&quot;youtube_url&quot;:&quot;#&quot;,&quot;show_image_overlay&quot;:&quot;yes&quot;,&quot;image_overlay&quot;:{&quot;url&quot;:&quot;https:\\\/\\\/croatialocaltours.com\\\/wp-content\\\/uploads\\\/2023\\\/06\\\/dubrovnik-old-town-stradun-aerial-hero-375x540-1.webp&quot;,&quot;id&quot;:12060,&quot;size&quot;:&quot;&quot;,&quot;alt&quot;:&quot;&quot;,&quot;source&quot;:&quot;library&quot;},&quot;lightbox&quot;:&quot;yes&quot;,&quot;_animation&quot;:&quot;fadeInUp&quot;,&quot;video_type&quot;:&quot;youtube&quot;,&quot;controls&quot;:&quot;yes&quot;}\" data-widget_type=\"video.default\">\n\t\t\t\t<div class=\"elementor-widget-container\">\n\t\t\t\t\t\t\t<div class=\"elementor-wrapper elementor-open-lightbox\">\n\t\t\t\t\t\t\t<div class=\"elementor-custom-embed-image-overlay\" data-elementor-open-lightbox=\"yes\" data-elementor-lightbox=\"{&quot;type&quot;:&quot;video&quot;,&quot;videoType&quot;:&quot;youtube&quot;,&quot;url&quot;:null,&quot;autoplay&quot;:&quot;&quot;,&quot;modalOptions&quot;:{&quot;id&quot;:&quot;elementor-lightbox-6a8626ad&quot;,&quot;entranceAnimation&quot;:&quot;&quot;,&quot;entranceAnimation_tablet&quot;:&quot;&quot;,&quot;entranceAnimation_mobile&quot;:&quot;&quot;,&quot;videoAspectRatio&quot;:&quot;169&quot;}}\" data-e-action-hash=\"#elementor-action%3Aaction%3Dlightbox%26settings%3DeyJ0eXBlIjoidmlkZW8iLCJ2aWRlb1R5cGUiOiJ5b3V0dWJlIiwidXJsIjpudWxsLCJhdXRvcGxheSI6IiIsIm1vZGFsT3B0aW9ucyI6eyJpZCI6ImVsZW1lbnRvci1saWdodGJveC02YTg2MjZhZCIsImVudHJhbmNlQW5pbWF0aW9uIjoiIiwiZW50cmFuY2VBbmltYXRpb25fdGFibGV0IjoiIiwiZW50cmFuY2VBbmltYXRpb25fbW9iaWxlIjoiIiwidmlkZW9Bc3BlY3RSYXRpbyI6IjE2OSJ9fQ%3D%3D\">\n\t\t\t\t\t\t\t\t\t\t\t<img fetchpriority=\"high\" decoding=\"async\" width=\"375\" height=\"540\" src=\"https:\/\/croatialocaltours.com\/wp-content\/uploads\/2023\/06\/dubrovnik-old-town-stradun-aerial-hero-375x540-1.webp\" class=\"attachment-full size-full wp-image-12060\" alt=\"Dubrovnik old town stradun aerial hero 375x540\" srcset=\"https:\/\/croatialocaltours.com\/wp-content\/uploads\/2023\/06\/dubrovnik-old-town-stradun-aerial-hero-375x540-1.webp 375w, https:\/\/croatialocaltours.com\/wp-content\/uploads\/2023\/06\/dubrovnik-old-town-stradun-aerial-hero-375x540-1-208x300.webp 208w\" sizes=\"(max-width: 375px) 100vw, 375px\" \/>\t\t\t\t\t\t\t\t\t\t\t\t\t\t<\/div>\n\t\t\t\t\t<\/div>\n\t\t\t\t\t\t<\/div>\n\t\t\t\t<\/div>\n\t\t\t\t\t<\/div>\n\t\t<\/div>\n\t\t\t\t<div class=\"elementor-column elementor-col-50 elementor-top-column elementor-element elementor-element-2cc42fe7\" data-id=\"2cc42fe7\" data-element_type=\"column\" data-e-type=\"column\">\n\t\t\t<div class=\"elementor-widget-wrap elementor-element-populated\">\n\t\t\t\t\t\t<div class=\"elementor-element elementor-element-402db1cb elementor-widget elementor-widget-heading\" data-id=\"402db1cb\" data-element_type=\"widget\" data-e-type=\"widget\" data-widget_type=\"heading.default\">\n\t\t\t\t<div class=\"elementor-widget-container\">\n\t\t\t\t\t<h6 class=\"elementor-heading-title elementor-size-default\">MICE<\/h6>\t\t\t\t<\/div>\n\t\t\t\t<\/div>\n\t\t\t\t<div class=\"elementor-element elementor-element-5d80ce04 elementor-widget elementor-widget-heading\" data-id=\"5d80ce04\" data-element_type=\"widget\" data-e-type=\"widget\" data-widget_type=\"heading.default\">\n\t\t\t\t<div class=\"elementor-widget-container\">\n\t\t\t\t\t<h2 class=\"elementor-heading-title elementor-size-default\">Meetings, Incentives, Conferences &amp; Exhibitions<\/h2>\t\t\t\t<\/div>\n\t\t\t\t<\/div>\n\t\t\t\t<div class=\"elementor-element elementor-element-31f38b43 elementor-widget elementor-widget-heading\" data-id=\"31f38b43\" data-element_type=\"widget\" data-e-type=\"widget\" data-widget_type=\"heading.default\">\n\t\t\t\t<div class=\"elementor-widget-container\">\n\t\t\t\t\t<p class=\"elementor-heading-title elementor-size-default\">\u017delite organizirati event u Dubrovniku, ali ne znate kako i trebate pomo\u0107? Nema problema. Agencija Rentals Dubrovnik je tu za Vas. Na\u0161 stru\u010dan i iskusan tim savr\u0161eno \u0107e udovoljiti Va\u0161im potrebama i \u017eeljama te ih u potpunosti ispuniti.<br><br>\nDubrovnik nudi \u0161iroku paletu usluga koje pokrivaju organizacijske potrebe svih vrsta kongresa, konferencija, incentiva, sastanaka i drugih doga\u0111anja. Ovdje \u0107ete prona\u0107i prikladno okru\u017eenje i infrastrukturu za organizaciju spektakularnog, produktivnog i dobrog doga\u0111aja. Dubrovnik je grad bogate povijesti i ba\u0161tine, netaknute i prekrasne prirode te modernih gra\u0111evina, opreme i sadr\u017eaja koji mogu ispuniti sva Va\u0161a o\u010dekivanja. Ima hotele prikladne za poslovna putovanja, sobe za sastanke i velike prostore za konferencije i sastanke, a dubrova\u010dka zra\u010dna luka povezana je s vi\u0161e od stotinu odredi\u0161ta diljem svijeta. Organizacija va\u017enog doga\u0111aja ne mora biti stresna. Po\u0161aljite nam e-mail ili upit sa svim va\u017enim detaljima i mi \u0107emo to organizirati za vas.\n\n<\/p>\t\t\t\t<\/div>\n\t\t\t\t<\/div>\n\t\t\t\t<div class=\"elementor-element elementor-element-1867e7db elementor-tablet-align-center elementor-widget elementor-widget-button\" data-id=\"1867e7db\" data-element_type=\"widget\" data-e-type=\"widget\" data-widget_type=\"button.default\">\n\t\t\t\t<div class=\"elementor-widget-container\">\n\t\t\t\t\t\t\t\t\t<div class=\"elementor-button-wrapper\">\n\t\t\t\t\t<a class=\"elementor-button elementor-button-link elementor-size-md\" href=\"https:\/\/croatialocaltours.com\/hr\/contact\/\">\n\t\t\t\t\t\t<span class=\"elementor-button-content-wrapper\">\n\t\t\t\t\t\t\t\t\t<span class=\"elementor-button-text\">Kontaktirajte nas<\/span>\n\t\t\t\t\t<\/span>\n\t\t\t\t\t<\/a>\n\t\t\t\t<\/div>\n\t\t\t\t\t\t\t\t<\/div>\n\t\t\t\t<\/div>\n\t\t\t\t\t<\/div>\n\t\t<\/div>\n\t\t\t\t\t<\/div>\n\t\t<\/section>\n\t\t\t\t<\/div>","protected":false},"excerpt":{"rendered":"<p># MICE Meetings, Incentives, Conferences &#038; Exhibitions You want to organize event in Dubrovnik, but you don\u2019t know how and need help? No problem. Rentals [&hellip;]<\/p>\n","protected":false},"author":2,"featured_media":0,"parent":0,"menu_order":0,"comment_status":"closed","ping_status":"closed","template":"templates\/builder-fullwidth-std.php","meta":{"slim_seo":{"title":"MICE - Croatia Local Tours","description":"# MICE Meetings, Incentives, Conferences & Exhibitions You want to organize event in Dubrovnik, but you don\u2019t know how and need help? No problem. Rentals Dubrov"},"footnotes":""},"class_list":["post-3401","page","type-page","status-publish","hentry"],"_links":{"self":[{"href":"https:\/\/croatialocaltours.com\/hr\/wp-json\/wp\/v2\/pages\/3401","targetHints":{"allow":["GET"]}}],"collection":[{"href":"https:\/\/croatialocaltours.com\/hr\/wp-json\/wp\/v2\/pages"}],"about":[{"href":"https:\/\/croatialocaltours.com\/hr\/wp-json\/wp\/v2\/types\/page"}],"author":[{"embeddable":true,"href":"https:\/\/croatialocaltours.com\/hr\/wp-json\/wp\/v2\/users\/2"}],"replies":[{"embeddable":true,"href":"https:\/\/croatialocaltours.com\/hr\/wp-json\/wp\/v2\/comments?post=3401"}],"version-history":[{"count":44,"href":"https:\/\/croatialocaltours.com\/hr\/wp-json\/wp\/v2\/pages\/3401\/revisions"}],"predecessor-version":[{"id":12718,"href":"https:\/\/croatialocaltours.com\/hr\/wp-json\/wp\/v2\/pages\/3401\/revisions\/12718"}],"wp:attachment":[{"href":"https:\/\/croatialocaltours.com\/hr\/wp-json\/wp\/v2\/media?parent=3401"}],"curies":[{"name":"wp","href":"https:\/\/api.w.org\/{rel}","templated":true}]}}