{"id":3348,"date":"2022-03-18T23:44:26","date_gmt":"2022-03-18T23:44:26","guid":{"rendered":"https:\/\/rentalsdubrovnik.com\/?page_id=3348"},"modified":"2023-12-12T11:33:29","modified_gmt":"2023-12-12T10:33:29","slug":"apartments-rooms","status":"publish","type":"page","link":"https:\/\/croatialocaltours.com\/hr\/apartments-rooms\/","title":{"rendered":"Apartmani &amp; Sobe"},"content":{"rendered":"<div data-elementor-type=\"wp-page\" data-elementor-id=\"3348\" class=\"elementor elementor-3348\">\n\t\t\t\t\t\t<section class=\"elementor-section elementor-top-section elementor-element elementor-element-3b014396 elementor-section-boxed elementor-section-height-default elementor-section-height-default\" data-id=\"3b014396\" data-element_type=\"section\" data-e-type=\"section\" id=\"blog-section\">\n\t\t\t\t\t\t<div class=\"elementor-container elementor-column-gap-no\">\n\t\t\t\t\t<div class=\"elementor-column elementor-col-100 elementor-top-column elementor-element elementor-element-6d122ca2\" data-id=\"6d122ca2\" data-element_type=\"column\" data-e-type=\"column\">\n\t\t\t<div class=\"elementor-widget-wrap elementor-element-populated\">\n\t\t\t\t\t\t<div class=\"elementor-element elementor-element-54b8fb11 elementor-grid-eael-col-3 elementor-grid-tablet-eael-col-3 elementor-grid-mobile-eael-col-1 elementor-widget elementor-widget-eael-post-grid\" data-id=\"54b8fb11\" data-element_type=\"widget\" data-e-type=\"widget\" data-settings=\"{&quot;eael_post_grid_columns&quot;:&quot;eael-col-3&quot;,&quot;eael_post_grid_columns_tablet&quot;:&quot;eael-col-3&quot;,&quot;eael_post_grid_columns_mobile&quot;:&quot;eael-col-1&quot;}\" data-widget_type=\"eael-post-grid.default\">\n\t\t\t\t<div class=\"elementor-widget-container\">\n\t\t\t\t\t<div id=\"eael-post-grid-54b8fb11\" class=\"eael-post-grid-container\">\n            <div class=\"eael-post-grid eael-post-appender eael-post-appender-54b8fb11 eael-post-grid-style-one\" data-layout-mode=\"grid\"><article class=\"eael-grid-post  eael-post-grid-column eael-pg-post-3557\" data-id=\"3557\">\n        <div class=\"eael-grid-post-holder\">\n            <div class=\"eael-grid-post-holder-inner\"><div class=\"eael-entry-media\"><div class=\"eael-entry-overlay fade-in\"><i class=\"\" aria-hidden=\"true\"><\/i><a href=\"https:\/\/croatialocaltours.com\/hr\/accommodation\/sea-to-sky\/\"><\/a><\/div><div class=\"eael-entry-thumbnail eael-image-ratio\">\n                <img fetchpriority=\"high\" decoding=\"async\" width=\"1280\" height=\"853\" src=\"https:\/\/croatialocaltours.com\/wp-content\/uploads\/2022\/03\/Sea-to-sky.jpg\" class=\"attachment-full size-full wp-image-4274\" alt=\"Sea to sky\" srcset=\"https:\/\/croatialocaltours.com\/wp-content\/uploads\/2022\/03\/Sea-to-sky.jpg 1280w, https:\/\/croatialocaltours.com\/wp-content\/uploads\/2022\/03\/Sea-to-sky-300x200.jpg 300w, https:\/\/croatialocaltours.com\/wp-content\/uploads\/2022\/03\/Sea-to-sky-1024x682.jpg 1024w, https:\/\/croatialocaltours.com\/wp-content\/uploads\/2022\/03\/Sea-to-sky-768x512.jpg 768w\" sizes=\"(max-width: 1280px) 100vw, 1280px\" \/>\n            <\/div>\n        <\/div><div class=\"eael-entry-wrapper\"><header class=\"eael-entry-header\"><h2 class=\"eael-entry-title\"><a class=\"eael-grid-post-link\" href=\"https:\/\/croatialocaltours.com\/hr\/accommodation\/sea-to-sky\/\" title=\"More do neba\">More do neba<\/a><\/h2><\/header><div class=\"eael-entry-header-after\"><div class=\"eael-entry-meta\"><\/div><\/div><div class=\"eael-entry-content\">\n                        <div class=\"eael-grid-post-excerpt\"><a href=\"https:\/\/croatialocaltours.com\/hr\/accommodation\/sea-to-sky\/\" class=\"eael-post-elements-readmore-btn\">Pro\u010ditaj vi\u0161e<\/a><\/div>\n                    <\/div><\/div><\/div>\n        <\/div>\n    <\/article><article class=\"eael-grid-post  eael-post-grid-column eael-pg-post-5011\" data-id=\"5011\">\n        <div class=\"eael-grid-post-holder\">\n            <div class=\"eael-grid-post-holder-inner\"><div class=\"eael-entry-media\"><div class=\"eael-entry-overlay fade-in\"><i class=\"\" aria-hidden=\"true\"><\/i><a href=\"https:\/\/croatialocaltours.com\/hr\/accommodation\/taira\/\"><\/a><\/div><div class=\"eael-entry-thumbnail eael-image-ratio\">\n                <img decoding=\"async\" width=\"1024\" height=\"683\" src=\"https:\/\/croatialocaltours.com\/wp-content\/uploads\/2022\/05\/337899972.jpg\" class=\"attachment-full size-full wp-image-5032\" alt=\"337899972\" srcset=\"https:\/\/croatialocaltours.com\/wp-content\/uploads\/2022\/05\/337899972.jpg 1024w, https:\/\/croatialocaltours.com\/wp-content\/uploads\/2022\/05\/337899972-300x200.jpg 300w, https:\/\/croatialocaltours.com\/wp-content\/uploads\/2022\/05\/337899972-768x512.jpg 768w\" sizes=\"(max-width: 1024px) 100vw, 1024px\" \/>\n            <\/div>\n        <\/div><div class=\"eael-entry-wrapper\"><header class=\"eael-entry-header\"><h2 class=\"eael-entry-title\"><a class=\"eael-grid-post-link\" href=\"https:\/\/croatialocaltours.com\/hr\/accommodation\/taira\/\" title=\"Taira\">Taira<\/a><\/h2><\/header><div class=\"eael-entry-header-after\"><div class=\"eael-entry-meta\"><\/div><\/div><div class=\"eael-entry-content\">\n                        <div class=\"eael-grid-post-excerpt\"><a href=\"https:\/\/croatialocaltours.com\/hr\/accommodation\/taira\/\" class=\"eael-post-elements-readmore-btn\">Pro\u010ditaj vi\u0161e<\/a><\/div>\n                    <\/div><\/div><\/div>\n        <\/div>\n    <\/article><article class=\"eael-grid-post  eael-post-grid-column eael-pg-post-5085\" data-id=\"5085\">\n        <div class=\"eael-grid-post-holder\">\n            <div class=\"eael-grid-post-holder-inner\"><div class=\"eael-entry-media\"><div class=\"eael-entry-overlay fade-in\"><i class=\"\" aria-hidden=\"true\"><\/i><a href=\"https:\/\/croatialocaltours.com\/hr\/accommodation\/maris-apartment\/\"><\/a><\/div><div class=\"eael-entry-thumbnail eael-image-ratio\">\n                <img decoding=\"async\" width=\"1024\" height=\"666\" src=\"https:\/\/croatialocaltours.com\/wp-content\/uploads\/2022\/05\/352613336.jpg\" class=\"attachment-full size-full wp-image-5096\" alt=\"352613336\" srcset=\"https:\/\/croatialocaltours.com\/wp-content\/uploads\/2022\/05\/352613336.jpg 1024w, https:\/\/croatialocaltours.com\/wp-content\/uploads\/2022\/05\/352613336-300x195.jpg 300w, https:\/\/croatialocaltours.com\/wp-content\/uploads\/2022\/05\/352613336-768x500.jpg 768w\" sizes=\"(max-width: 1024px) 100vw, 1024px\" \/>\n            <\/div>\n        <\/div><div class=\"eael-entry-wrapper\"><header class=\"eael-entry-header\"><h2 class=\"eael-entry-title\"><a class=\"eael-grid-post-link\" href=\"https:\/\/croatialocaltours.com\/hr\/accommodation\/maris-apartment\/\" title=\"Apartman Maris\">Apartman Maris<\/a><\/h2><\/header><div class=\"eael-entry-header-after\"><div class=\"eael-entry-meta\"><\/div><\/div><div class=\"eael-entry-content\">\n                        <div class=\"eael-grid-post-excerpt\"><a href=\"https:\/\/croatialocaltours.com\/hr\/accommodation\/maris-apartment\/\" class=\"eael-post-elements-readmore-btn\">Pro\u010ditaj vi\u0161e<\/a><\/div>\n                    <\/div><\/div><\/div>\n        <\/div>\n    <\/article><article class=\"eael-grid-post  eael-post-grid-column eael-pg-post-5098\" data-id=\"5098\">\n        <div class=\"eael-grid-post-holder\">\n            <div class=\"eael-grid-post-holder-inner\"><div class=\"eael-entry-media\"><div class=\"eael-entry-overlay fade-in\"><i class=\"\" aria-hidden=\"true\"><\/i><a href=\"https:\/\/croatialocaltours.com\/hr\/accommodation\/pelko-apartment\/\"><\/a><\/div><div class=\"eael-entry-thumbnail eael-image-ratio\">\n                <img loading=\"lazy\" decoding=\"async\" width=\"828\" height=\"513\" src=\"https:\/\/croatialocaltours.com\/wp-content\/uploads\/2022\/05\/353104915.jpg\" class=\"attachment-full size-full wp-image-5109\" alt=\"353104915\" srcset=\"https:\/\/croatialocaltours.com\/wp-content\/uploads\/2022\/05\/353104915.jpg 828w, https:\/\/croatialocaltours.com\/wp-content\/uploads\/2022\/05\/353104915-300x186.jpg 300w, https:\/\/croatialocaltours.com\/wp-content\/uploads\/2022\/05\/353104915-768x476.jpg 768w\" sizes=\"(max-width: 828px) 100vw, 828px\" \/>\n            <\/div>\n        <\/div><div class=\"eael-entry-wrapper\"><header class=\"eael-entry-header\"><h2 class=\"eael-entry-title\"><a class=\"eael-grid-post-link\" href=\"https:\/\/croatialocaltours.com\/hr\/accommodation\/pelko-apartment\/\" title=\"Apartman Pelko\">Apartman Pelko<\/a><\/h2><\/header><div class=\"eael-entry-header-after\"><div class=\"eael-entry-meta\"><\/div><\/div><div class=\"eael-entry-content\">\n                        <div class=\"eael-grid-post-excerpt\"><a href=\"https:\/\/croatialocaltours.com\/hr\/accommodation\/pelko-apartment\/\" class=\"eael-post-elements-readmore-btn\">Pro\u010ditaj vi\u0161e<\/a><\/div>\n                    <\/div><\/div><\/div>\n        <\/div>\n    <\/article><article class=\"eael-grid-post  eael-post-grid-column eael-pg-post-5112\" data-id=\"5112\">\n        <div class=\"eael-grid-post-holder\">\n            <div class=\"eael-grid-post-holder-inner\"><div class=\"eael-entry-media\"><div class=\"eael-entry-overlay fade-in\"><i class=\"\" aria-hidden=\"true\"><\/i><a href=\"https:\/\/croatialocaltours.com\/hr\/accommodation\/helikon\/\"><\/a><\/div><div class=\"eael-entry-thumbnail eael-image-ratio\">\n                <img loading=\"lazy\" decoding=\"async\" width=\"1024\" height=\"683\" src=\"https:\/\/croatialocaltours.com\/wp-content\/uploads\/2022\/05\/348753018.jpg\" class=\"attachment-full size-full wp-image-5124\" alt=\"348753018\" srcset=\"https:\/\/croatialocaltours.com\/wp-content\/uploads\/2022\/05\/348753018.jpg 1024w, https:\/\/croatialocaltours.com\/wp-content\/uploads\/2022\/05\/348753018-300x200.jpg 300w, https:\/\/croatialocaltours.com\/wp-content\/uploads\/2022\/05\/348753018-768x512.jpg 768w\" sizes=\"(max-width: 1024px) 100vw, 1024px\" \/>\n            <\/div>\n        <\/div><div class=\"eael-entry-wrapper\"><header class=\"eael-entry-header\"><h2 class=\"eael-entry-title\"><a class=\"eael-grid-post-link\" href=\"https:\/\/croatialocaltours.com\/hr\/accommodation\/helikon\/\" title=\"Helikon\">Helikon<\/a><\/h2><\/header><div class=\"eael-entry-header-after\"><div class=\"eael-entry-meta\"><\/div><\/div><div class=\"eael-entry-content\">\n                        <div class=\"eael-grid-post-excerpt\"><a href=\"https:\/\/croatialocaltours.com\/hr\/accommodation\/helikon\/\" class=\"eael-post-elements-readmore-btn\">Pro\u010ditaj vi\u0161e<\/a><\/div>\n                    <\/div><\/div><\/div>\n        <\/div>\n    <\/article><article class=\"eael-grid-post  eael-post-grid-column eael-pg-post-5145\" data-id=\"5145\">\n        <div class=\"eael-grid-post-holder\">\n            <div class=\"eael-grid-post-holder-inner\"><div class=\"eael-entry-media\"><div class=\"eael-entry-overlay fade-in\"><i class=\"\" aria-hidden=\"true\"><\/i><a href=\"https:\/\/croatialocaltours.com\/hr\/accommodation\/apartment-klepo\/\"><\/a><\/div><div class=\"eael-entry-thumbnail eael-image-ratio\">\n                <img loading=\"lazy\" decoding=\"async\" width=\"1024\" height=\"576\" src=\"https:\/\/croatialocaltours.com\/wp-content\/uploads\/2022\/05\/325933233.jpg\" class=\"attachment-full size-full wp-image-5150\" alt=\"325933233\" srcset=\"https:\/\/croatialocaltours.com\/wp-content\/uploads\/2022\/05\/325933233.jpg 1024w, https:\/\/croatialocaltours.com\/wp-content\/uploads\/2022\/05\/325933233-300x169.jpg 300w, https:\/\/croatialocaltours.com\/wp-content\/uploads\/2022\/05\/325933233-768x432.jpg 768w\" sizes=\"(max-width: 1024px) 100vw, 1024px\" \/>\n            <\/div>\n        <\/div><div class=\"eael-entry-wrapper\"><header class=\"eael-entry-header\"><h2 class=\"eael-entry-title\"><a class=\"eael-grid-post-link\" href=\"https:\/\/croatialocaltours.com\/hr\/accommodation\/apartment-klepo\/\" title=\"Apartman Klepo\">Apartman Klepo<\/a><\/h2><\/header><div class=\"eael-entry-header-after\"><div class=\"eael-entry-meta\"><\/div><\/div><div class=\"eael-entry-content\">\n                        <div class=\"eael-grid-post-excerpt\"><a href=\"https:\/\/croatialocaltours.com\/hr\/accommodation\/apartment-klepo\/\" class=\"eael-post-elements-readmore-btn\">Pro\u010ditaj vi\u0161e<\/a><\/div>\n                    <\/div><\/div><\/div>\n        <\/div>\n    <\/article><article class=\"eael-grid-post  eael-post-grid-column eael-pg-post-5160\" data-id=\"5160\">\n        <div class=\"eael-grid-post-holder\">\n            <div class=\"eael-grid-post-holder-inner\"><div class=\"eael-entry-media\"><div class=\"eael-entry-overlay fade-in\"><i class=\"\" aria-hidden=\"true\"><\/i><a href=\"https:\/\/croatialocaltours.com\/hr\/accommodation\/lea\/\"><\/a><\/div><div class=\"eael-entry-thumbnail eael-image-ratio\">\n                <img loading=\"lazy\" decoding=\"async\" width=\"1024\" height=\"652\" src=\"https:\/\/croatialocaltours.com\/wp-content\/uploads\/2022\/05\/325743165.jpg\" class=\"attachment-full size-full wp-image-5163\" alt=\"325743165\" srcset=\"https:\/\/croatialocaltours.com\/wp-content\/uploads\/2022\/05\/325743165.jpg 1024w, https:\/\/croatialocaltours.com\/wp-content\/uploads\/2022\/05\/325743165-300x191.jpg 300w, https:\/\/croatialocaltours.com\/wp-content\/uploads\/2022\/05\/325743165-768x489.jpg 768w\" sizes=\"(max-width: 1024px) 100vw, 1024px\" \/>\n            <\/div>\n        <\/div><div class=\"eael-entry-wrapper\"><header class=\"eael-entry-header\"><h2 class=\"eael-entry-title\"><a class=\"eael-grid-post-link\" href=\"https:\/\/croatialocaltours.com\/hr\/accommodation\/lea\/\" title=\"Lea\">Lea<\/a><\/h2><\/header><div class=\"eael-entry-header-after\"><div class=\"eael-entry-meta\"><\/div><\/div><div class=\"eael-entry-content\">\n                        <div class=\"eael-grid-post-excerpt\"><a href=\"https:\/\/croatialocaltours.com\/hr\/accommodation\/lea\/\" class=\"eael-post-elements-readmore-btn\">Pro\u010ditaj vi\u0161e<\/a><\/div>\n                    <\/div><\/div><\/div>\n        <\/div>\n    <\/article><article class=\"eael-grid-post  eael-post-grid-column eael-pg-post-5178\" data-id=\"5178\">\n        <div class=\"eael-grid-post-holder\">\n            <div class=\"eael-grid-post-holder-inner\"><div class=\"eael-entry-media\"><div class=\"eael-entry-overlay fade-in\"><i class=\"\" aria-hidden=\"true\"><\/i><a href=\"https:\/\/croatialocaltours.com\/hr\/accommodation\/room-nika\/\"><\/a><\/div><div class=\"eael-entry-thumbnail eael-image-ratio\">\n                <img loading=\"lazy\" decoding=\"async\" width=\"1024\" height=\"683\" src=\"https:\/\/croatialocaltours.com\/wp-content\/uploads\/2022\/05\/307126525.jpg\" class=\"attachment-full size-full wp-image-5185\" alt=\"307126525\" srcset=\"https:\/\/croatialocaltours.com\/wp-content\/uploads\/2022\/05\/307126525.jpg 1024w, https:\/\/croatialocaltours.com\/wp-content\/uploads\/2022\/05\/307126525-300x200.jpg 300w, https:\/\/croatialocaltours.com\/wp-content\/uploads\/2022\/05\/307126525-768x512.jpg 768w\" sizes=\"(max-width: 1024px) 100vw, 1024px\" \/>\n            <\/div>\n        <\/div><div class=\"eael-entry-wrapper\"><header class=\"eael-entry-header\"><h2 class=\"eael-entry-title\"><a class=\"eael-grid-post-link\" href=\"https:\/\/croatialocaltours.com\/hr\/accommodation\/room-nika\/\" title=\"Soba Nika\">Soba Nika<\/a><\/h2><\/header><div class=\"eael-entry-header-after\"><div class=\"eael-entry-meta\"><\/div><\/div><div class=\"eael-entry-content\">\n                        <div class=\"eael-grid-post-excerpt\"><a href=\"https:\/\/croatialocaltours.com\/hr\/accommodation\/room-nika\/\" class=\"eael-post-elements-readmore-btn\">Pro\u010ditaj vi\u0161e<\/a><\/div>\n                    <\/div><\/div><\/div>\n        <\/div>\n    <\/article><article class=\"eael-grid-post  eael-post-grid-column eael-pg-post-5187\" data-id=\"5187\">\n        <div class=\"eael-grid-post-holder\">\n            <div class=\"eael-grid-post-holder-inner\"><div class=\"eael-entry-media\"><div class=\"eael-entry-overlay fade-in\"><i class=\"\" aria-hidden=\"true\"><\/i><a href=\"https:\/\/croatialocaltours.com\/hr\/accommodation\/nina-apartment\/\"><\/a><\/div><div class=\"eael-entry-thumbnail eael-image-ratio\">\n                <img loading=\"lazy\" decoding=\"async\" width=\"755\" height=\"566\" src=\"https:\/\/croatialocaltours.com\/wp-content\/uploads\/2022\/05\/298202125.jpg\" class=\"attachment-full size-full wp-image-5200\" alt=\"298202125\" srcset=\"https:\/\/croatialocaltours.com\/wp-content\/uploads\/2022\/05\/298202125.jpg 755w, https:\/\/croatialocaltours.com\/wp-content\/uploads\/2022\/05\/298202125-300x225.jpg 300w\" sizes=\"(max-width: 755px) 100vw, 755px\" \/>\n            <\/div>\n        <\/div><div class=\"eael-entry-wrapper\"><header class=\"eael-entry-header\"><h2 class=\"eael-entry-title\"><a class=\"eael-grid-post-link\" href=\"https:\/\/croatialocaltours.com\/hr\/accommodation\/nina-apartment\/\" title=\"Apartman Nina\">Apartman Nina<\/a><\/h2><\/header><div class=\"eael-entry-header-after\"><div class=\"eael-entry-meta\"><\/div><\/div><div class=\"eael-entry-content\">\n                        <div class=\"eael-grid-post-excerpt\"><a href=\"https:\/\/croatialocaltours.com\/hr\/accommodation\/nina-apartment\/\" class=\"eael-post-elements-readmore-btn\">Pro\u010ditaj vi\u0161e<\/a><\/div>\n                    <\/div><\/div><\/div>\n        <\/div>\n    <\/article><\/div>\n            <div class=\"clearfix\"><\/div>\n        <\/div>            <div class=\"eael-load-more-button-wrap\">\n                <button class=\"eael-load-more-button\" id=\"eael-load-more-btn-54b8fb11\" data-widget-id=\"54b8fb11\" data-widget=\"54b8fb11\" data-page-id=\"3348\" data-template=\"{&quot;dir&quot;:&quot;lite&quot;,&quot;file_name&quot;:&quot;one.php&quot;,&quot;name&quot;:&quot;Post-Grid&quot;}\" data-class=\"Essential_Addons_Elementor\\Elements\\Post_Grid\" data-layout=\"grid\" data-page=\"1\" data-args=\"orderby=date&amp;order=asc&amp;ignore_sticky_posts=1&amp;post_status=publish&amp;posts_per_page=9&amp;offset=0&amp;post_type=mphb_room_type&amp;tax_query%5B0%5D%5Btaxonomy%5D=mphb_room_type_category&amp;tax_query%5B0%5D%5Bfield%5D=term_id&amp;tax_query%5B0%5D%5Bterms%5D%5B0%5D=185&amp;tax_query%5Brelation%5D=AND\" data-max-page=\"10\">\n                    <span class=\"eael-btn-loader button__loader\"><\/span>\n                    <span class=\"eael_load_more_text\">U\u010ditaj vi\u0161e<\/span>\n                <\/button>\n            <\/div>\n            \t\t\t\t<\/div>\n\t\t\t\t<\/div>\n\t\t\t\t\t<\/div>\n\t\t<\/div>\n\t\t\t\t\t<\/div>\n\t\t<\/section>\n\t\t\t\t<\/div>","protected":false},"excerpt":{"rendered":"<p>Sea To Sky Read More Taira Read More Maris Apartment Read More Pelko Apartment Read More Helikon Read More Apartment Klepo Read More Lea Read [&hellip;]<\/p>\n","protected":false},"author":2,"featured_media":0,"parent":0,"menu_order":0,"comment_status":"closed","ping_status":"closed","template":"templates\/builder-fullwidth-std.php","meta":{"slim_seo":{"title":"Nina Apartment - Croatia Local Tours","description":"Nina Apartment, a property with a garden and a terrace, is situated in Pore\u010d, 7 km from Pore\u010d Main Square, 10 km from Aquapark Aquacolours Pore\u010d, as well as 4.4"},"footnotes":""},"class_list":["post-3348","page","type-page","status-publish","hentry"],"_links":{"self":[{"href":"https:\/\/croatialocaltours.com\/hr\/wp-json\/wp\/v2\/pages\/3348","targetHints":{"allow":["GET"]}}],"collection":[{"href":"https:\/\/croatialocaltours.com\/hr\/wp-json\/wp\/v2\/pages"}],"about":[{"href":"https:\/\/croatialocaltours.com\/hr\/wp-json\/wp\/v2\/types\/page"}],"author":[{"embeddable":true,"href":"https:\/\/croatialocaltours.com\/hr\/wp-json\/wp\/v2\/users\/2"}],"replies":[{"embeddable":true,"href":"https:\/\/croatialocaltours.com\/hr\/wp-json\/wp\/v2\/comments?post=3348"}],"version-history":[{"count":25,"href":"https:\/\/croatialocaltours.com\/hr\/wp-json\/wp\/v2\/pages\/3348\/revisions"}],"predecessor-version":[{"id":13683,"href":"https:\/\/croatialocaltours.com\/hr\/wp-json\/wp\/v2\/pages\/3348\/revisions\/13683"}],"wp:attachment":[{"href":"https:\/\/croatialocaltours.com\/hr\/wp-json\/wp\/v2\/media?parent=3348"}],"curies":[{"name":"wp","href":"https:\/\/api.w.org\/{rel}","templated":true}]}}