{"id":3332,"date":"2022-03-18T23:04:13","date_gmt":"2022-03-18T23:04:13","guid":{"rendered":"https:\/\/rentalsdubrovnik.com\/?page_id=3332"},"modified":"2023-12-12T11:34:05","modified_gmt":"2023-12-12T10:34:05","slug":"villas","status":"publish","type":"page","link":"https:\/\/croatialocaltours.com\/hr\/villas\/","title":{"rendered":"Vile"},"content":{"rendered":"<div data-elementor-type=\"wp-page\" data-elementor-id=\"3332\" class=\"elementor elementor-3332\">\n\t\t\t\t\t\t<section class=\"elementor-section elementor-top-section elementor-element elementor-element-4960360 elementor-section-boxed elementor-section-height-default elementor-section-height-default\" data-id=\"4960360\" data-element_type=\"section\" data-e-type=\"section\" id=\"blog-section\">\n\t\t\t\t\t\t<div class=\"elementor-container elementor-column-gap-no\">\n\t\t\t\t\t<div class=\"elementor-column elementor-col-100 elementor-top-column elementor-element elementor-element-7e7f8bfd\" data-id=\"7e7f8bfd\" data-element_type=\"column\" data-e-type=\"column\">\n\t\t\t<div class=\"elementor-widget-wrap elementor-element-populated\">\n\t\t\t\t\t\t<div class=\"elementor-element elementor-element-29465c1c elementor-grid-eael-col-3 elementor-grid-tablet-eael-col-3 elementor-grid-mobile-eael-col-1 elementor-widget elementor-widget-eael-post-grid\" data-id=\"29465c1c\" data-element_type=\"widget\" data-e-type=\"widget\" data-settings=\"{&quot;eael_post_grid_columns&quot;:&quot;eael-col-3&quot;,&quot;eael_post_grid_columns_tablet&quot;:&quot;eael-col-3&quot;,&quot;eael_post_grid_columns_mobile&quot;:&quot;eael-col-1&quot;}\" data-widget_type=\"eael-post-grid.default\">\n\t\t\t\t<div class=\"elementor-widget-container\">\n\t\t\t\t\t<div id=\"eael-post-grid-29465c1c\" class=\"eael-post-grid-container\">\n            <div class=\"eael-post-grid eael-post-appender eael-post-appender-29465c1c eael-post-grid-style-one\" data-layout-mode=\"grid\"><article class=\"eael-grid-post  eael-post-grid-column eael-pg-post-2418\" data-id=\"2418\">\n        <div class=\"eael-grid-post-holder\">\n            <div class=\"eael-grid-post-holder-inner\"><div class=\"eael-entry-media\"><div class=\"eael-entry-overlay fade-in\"><i class=\"\" aria-hidden=\"true\"><\/i><a href=\"https:\/\/croatialocaltours.com\/hr\/accommodation\/villa-pizzelli\/\"><\/a><\/div><div class=\"eael-entry-thumbnail eael-image-ratio\">\n                <img fetchpriority=\"high\" decoding=\"async\" width=\"1024\" height=\"683\" src=\"https:\/\/croatialocaltours.com\/wp-content\/uploads\/2019\/12\/306693480.jpg\" class=\"attachment-full size-full wp-image-5067\" alt=\"306693480\" srcset=\"https:\/\/croatialocaltours.com\/wp-content\/uploads\/2019\/12\/306693480.jpg 1024w, https:\/\/croatialocaltours.com\/wp-content\/uploads\/2019\/12\/306693480-300x200.jpg 300w, https:\/\/croatialocaltours.com\/wp-content\/uploads\/2019\/12\/306693480-768x512.jpg 768w\" sizes=\"(max-width: 1024px) 100vw, 1024px\" \/>\n            <\/div>\n        <\/div><div class=\"eael-entry-wrapper\"><header class=\"eael-entry-header\"><h2 class=\"eael-entry-title\"><a class=\"eael-grid-post-link\" href=\"https:\/\/croatialocaltours.com\/hr\/accommodation\/villa-pizzelli\/\" title=\"Villa Pizzelli &#8211; Villa with Private Pool\">Villa Pizzelli \u2013 Vila s privatnim bazenom<\/a><\/h2><\/header><div class=\"eael-entry-header-after\"><div class=\"eael-entry-meta\"><\/div><\/div><div class=\"eael-entry-content\">\n                        <div class=\"eael-grid-post-excerpt\"><a href=\"https:\/\/croatialocaltours.com\/hr\/accommodation\/villa-pizzelli\/\" class=\"eael-post-elements-readmore-btn\">Pro\u010ditaj vi\u0161e<\/a><\/div>\n                    <\/div><\/div><\/div>\n        <\/div>\n    <\/article><article class=\"eael-grid-post  eael-post-grid-column eael-pg-post-2435\" data-id=\"2435\">\n        <div class=\"eael-grid-post-holder\">\n            <div class=\"eael-grid-post-holder-inner\"><div class=\"eael-entry-media\"><div class=\"eael-entry-overlay fade-in\"><i class=\"\" aria-hidden=\"true\"><\/i><a href=\"https:\/\/croatialocaltours.com\/hr\/accommodation\/villa-kristina\/\"><\/a><\/div><div class=\"eael-entry-thumbnail eael-image-ratio\">\n                <img decoding=\"async\" width=\"1000\" height=\"750\" src=\"https:\/\/croatialocaltours.com\/wp-content\/uploads\/2019\/12\/Rent-a-Villa-Kristina-1.jpg\" class=\"attachment-full size-full wp-image-3392\" alt=\"Rent a Villa Kristina (1)\" srcset=\"https:\/\/croatialocaltours.com\/wp-content\/uploads\/2019\/12\/Rent-a-Villa-Kristina-1.jpg 1000w, https:\/\/croatialocaltours.com\/wp-content\/uploads\/2019\/12\/Rent-a-Villa-Kristina-1-300x225.jpg 300w, https:\/\/croatialocaltours.com\/wp-content\/uploads\/2019\/12\/Rent-a-Villa-Kristina-1-768x576.jpg 768w\" sizes=\"(max-width: 1000px) 100vw, 1000px\" \/>\n            <\/div>\n        <\/div><div class=\"eael-entry-wrapper\"><header class=\"eael-entry-header\"><h2 class=\"eael-entry-title\"><a class=\"eael-grid-post-link\" href=\"https:\/\/croatialocaltours.com\/hr\/accommodation\/villa-kristina\/\" title=\"Vila Kristina\">Vila Kristina<\/a><\/h2><\/header><div class=\"eael-entry-header-after\"><div class=\"eael-entry-meta\"><\/div><\/div><div class=\"eael-entry-content\">\n                        <div class=\"eael-grid-post-excerpt\"><a href=\"https:\/\/croatialocaltours.com\/hr\/accommodation\/villa-kristina\/\" class=\"eael-post-elements-readmore-btn\">Pro\u010ditaj vi\u0161e<\/a><\/div>\n                    <\/div><\/div><\/div>\n        <\/div>\n    <\/article><article class=\"eael-grid-post  eael-post-grid-column eael-pg-post-5475\" data-id=\"5475\">\n        <div class=\"eael-grid-post-holder\">\n            <div class=\"eael-grid-post-holder-inner\"><div class=\"eael-entry-media\"><div class=\"eael-entry-overlay fade-in\"><i class=\"\" aria-hidden=\"true\"><\/i><a href=\"https:\/\/croatialocaltours.com\/hr\/accommodation\/fontana\/\"><\/a><\/div><div class=\"eael-entry-thumbnail eael-image-ratio\">\n                <img decoding=\"async\" width=\"1024\" height=\"768\" src=\"https:\/\/croatialocaltours.com\/wp-content\/uploads\/2022\/05\/308379464.jpg\" class=\"attachment-full size-full wp-image-5499\" alt=\"308379464\" srcset=\"https:\/\/croatialocaltours.com\/wp-content\/uploads\/2022\/05\/308379464.jpg 1024w, https:\/\/croatialocaltours.com\/wp-content\/uploads\/2022\/05\/308379464-300x225.jpg 300w, https:\/\/croatialocaltours.com\/wp-content\/uploads\/2022\/05\/308379464-768x576.jpg 768w\" sizes=\"(max-width: 1024px) 100vw, 1024px\" \/>\n            <\/div>\n        <\/div><div class=\"eael-entry-wrapper\"><header class=\"eael-entry-header\"><h2 class=\"eael-entry-title\"><a class=\"eael-grid-post-link\" href=\"https:\/\/croatialocaltours.com\/hr\/accommodation\/fontana\/\" title=\"Villa Terra- Fontana\">Villa Terra- Fontana<\/a><\/h2><\/header><div class=\"eael-entry-header-after\"><div class=\"eael-entry-meta\"><\/div><\/div><div class=\"eael-entry-content\">\n                        <div class=\"eael-grid-post-excerpt\"><a href=\"https:\/\/croatialocaltours.com\/hr\/accommodation\/fontana\/\" class=\"eael-post-elements-readmore-btn\">Pro\u010ditaj vi\u0161e<\/a><\/div>\n                    <\/div><\/div><\/div>\n        <\/div>\n    <\/article><article class=\"eael-grid-post  eael-post-grid-column eael-pg-post-5752\" data-id=\"5752\">\n        <div class=\"eael-grid-post-holder\">\n            <div class=\"eael-grid-post-holder-inner\"><div class=\"eael-entry-media\"><div class=\"eael-entry-overlay fade-in\"><i class=\"\" aria-hidden=\"true\"><\/i><a href=\"https:\/\/croatialocaltours.com\/hr\/accommodation\/villa-bogo-bb\/\"><\/a><\/div><div class=\"eael-entry-thumbnail eael-image-ratio\">\n                <img loading=\"lazy\" decoding=\"async\" width=\"1024\" height=\"683\" src=\"https:\/\/croatialocaltours.com\/wp-content\/uploads\/2022\/08\/262288374.jpg\" class=\"attachment-full size-full wp-image-13776\" alt=\"262288374\" srcset=\"https:\/\/croatialocaltours.com\/wp-content\/uploads\/2022\/08\/262288374.jpg 1024w, https:\/\/croatialocaltours.com\/wp-content\/uploads\/2022\/08\/262288374-300x200.jpg 300w, https:\/\/croatialocaltours.com\/wp-content\/uploads\/2022\/08\/262288374-768x512.jpg 768w, https:\/\/croatialocaltours.com\/wp-content\/uploads\/2022\/08\/262288374-18x12.jpg 18w\" sizes=\"(max-width: 1024px) 100vw, 1024px\" \/>\n            <\/div>\n        <\/div><div class=\"eael-entry-wrapper\"><header class=\"eael-entry-header\"><h2 class=\"eael-entry-title\"><a class=\"eael-grid-post-link\" href=\"https:\/\/croatialocaltours.com\/hr\/accommodation\/villa-bogo-bb\/\" title=\"Villa BoGo B&#038;B (Exclusive Villa with outside pool)\">Villa BoGo B&amp;B (ekskluzivna vila s vanjskim bazenom)<\/a><\/h2><\/header><div class=\"eael-entry-header-after\"><div class=\"eael-entry-meta\"><\/div><\/div><div class=\"eael-entry-content\">\n                        <div class=\"eael-grid-post-excerpt\"><a href=\"https:\/\/croatialocaltours.com\/hr\/accommodation\/villa-bogo-bb\/\" class=\"eael-post-elements-readmore-btn\">Pro\u010ditaj vi\u0161e<\/a><\/div>\n                    <\/div><\/div><\/div>\n        <\/div>\n    <\/article><article class=\"eael-grid-post  eael-post-grid-column eael-pg-post-11046\" data-id=\"11046\">\n        <div class=\"eael-grid-post-holder\">\n            <div class=\"eael-grid-post-holder-inner\"><div class=\"eael-entry-media\"><div class=\"eael-entry-overlay fade-in\"><i class=\"\" aria-hidden=\"true\"><\/i><a href=\"https:\/\/croatialocaltours.com\/hr\/accommodation\/villa-lukic\/\"><\/a><\/div><div class=\"eael-entry-thumbnail eael-image-ratio\">\n                <img loading=\"lazy\" decoding=\"async\" width=\"1024\" height=\"576\" src=\"https:\/\/croatialocaltours.com\/wp-content\/uploads\/2023\/04\/435998547.jpg\" class=\"attachment-full size-full wp-image-13778\" alt=\"435998547\" srcset=\"https:\/\/croatialocaltours.com\/wp-content\/uploads\/2023\/04\/435998547.jpg 1024w, https:\/\/croatialocaltours.com\/wp-content\/uploads\/2023\/04\/435998547-300x169.jpg 300w, https:\/\/croatialocaltours.com\/wp-content\/uploads\/2023\/04\/435998547-768x432.jpg 768w, https:\/\/croatialocaltours.com\/wp-content\/uploads\/2023\/04\/435998547-18x10.jpg 18w\" sizes=\"(max-width: 1024px) 100vw, 1024px\" \/>\n            <\/div>\n        <\/div><div class=\"eael-entry-wrapper\"><header class=\"eael-entry-header\"><h2 class=\"eael-entry-title\"><a class=\"eael-grid-post-link\" href=\"https:\/\/croatialocaltours.com\/hr\/accommodation\/villa-lukic\/\" title=\"Vila Luki\u0107\">Vila Luki\u0107<\/a><\/h2><\/header><div class=\"eael-entry-header-after\"><div class=\"eael-entry-meta\"><\/div><\/div><div class=\"eael-entry-content\">\n                        <div class=\"eael-grid-post-excerpt\"><a href=\"https:\/\/croatialocaltours.com\/hr\/accommodation\/villa-lukic\/\" class=\"eael-post-elements-readmore-btn\">Pro\u010ditaj vi\u0161e<\/a><\/div>\n                    <\/div><\/div><\/div>\n        <\/div>\n    <\/article><\/div>\n            <div class=\"clearfix\"><\/div>\n        <\/div>\t\t\t\t<\/div>\n\t\t\t\t<\/div>\n\t\t\t\t\t<\/div>\n\t\t<\/div>\n\t\t\t\t\t<\/div>\n\t\t<\/section>\n\t\t\t\t<\/div>","protected":false},"excerpt":{"rendered":"<p>Villa Pizzelli &#8211; Villa with Private Pool Read More Villa Kristina Read More Villa Terra- Fontana Read More Villa BoGo B&#038;B (Exclusive Villa with outside [&hellip;]<\/p>\n","protected":false},"author":2,"featured_media":0,"parent":0,"menu_order":0,"comment_status":"closed","ping_status":"closed","template":"templates\/builder-fullwidth-std.php","meta":{"slim_seo":{"title":"Villa Luki\u0107 - Croatia Local Tours","description":"Set in Slano in the Dubrovnik-Neretva County region and Grguri\u0107i Beach reachable within 600 metres, Vila Luki\u0107 offers accommodation with free WiFi, BBQ faciliti"},"footnotes":""},"class_list":["post-3332","page","type-page","status-publish","hentry"],"_links":{"self":[{"href":"https:\/\/croatialocaltours.com\/hr\/wp-json\/wp\/v2\/pages\/3332","targetHints":{"allow":["GET"]}}],"collection":[{"href":"https:\/\/croatialocaltours.com\/hr\/wp-json\/wp\/v2\/pages"}],"about":[{"href":"https:\/\/croatialocaltours.com\/hr\/wp-json\/wp\/v2\/types\/page"}],"author":[{"embeddable":true,"href":"https:\/\/croatialocaltours.com\/hr\/wp-json\/wp\/v2\/users\/2"}],"replies":[{"embeddable":true,"href":"https:\/\/croatialocaltours.com\/hr\/wp-json\/wp\/v2\/comments?post=3332"}],"version-history":[{"count":22,"href":"https:\/\/croatialocaltours.com\/hr\/wp-json\/wp\/v2\/pages\/3332\/revisions"}],"predecessor-version":[{"id":13686,"href":"https:\/\/croatialocaltours.com\/hr\/wp-json\/wp\/v2\/pages\/3332\/revisions\/13686"}],"wp:attachment":[{"href":"https:\/\/croatialocaltours.com\/hr\/wp-json\/wp\/v2\/media?parent=3332"}],"curies":[{"name":"wp","href":"https:\/\/api.w.org\/{rel}","templated":true}]}}